{"id":4373,"date":"2024-09-25T06:57:47","date_gmt":"2024-09-25T06:57:47","guid":{"rendered":"https:\/\/shop.jollyheap.com\/regulations\/"},"modified":"2024-09-25T07:02:13","modified_gmt":"2024-09-25T07:02:13","slug":"regulations","status":"publish","type":"page","link":"https:\/\/shop.jollyheap.com\/pl\/regulations\/","title":{"rendered":"REGULAMIN SKLEPU INTERNETOWEGO"},"content":{"rendered":"\n<h2 class=\"wp-block-heading\">shop.jollyheap.com<\/h2>\n\n\n\n<h3 class=\"wp-block-heading\">1. Postanowienia og\u00f3lne<\/h3>\n\n\n\n<p>1.1. Operatorem i administratorem sklepu internetowego prowadzonego za po\u015brednictwem strony internetowej jollyheap.com&nbsp; jest Svitlana Sapunova, prowadz\u0105ca dzia\u0142alno\u015b\u0107 gospodarcz\u0105 pod firm\u0105 \u201cJOLLY-HEAP\u201d Svitlana Sapunova, ul. Aleja Led 4, 55-020 Rzeplin, NIP: 8992772832, REGON: 362440030, dalej zwana \u201eSprzedawc\u0105\u201d. Pozosta\u0142e dane kontaktowe Sprzedawcy: e-mail:&nbsp;<a href=\"mailto:info@jollyheap.com\">info@jollyheap.com<\/a>, tel.: +48 575 935 005.<\/p>\n\n\n\n<p>1.2. Sprzedawca jest stron\u0105 zawieranych um\u00f3w sprzeda\u017cy, a tak\u017ce administratorem danych osobowych przekazanych przez Kupuj\u0105cych za po\u015brednictwem sklepu internetowego.<\/p>\n\n\n\n<p>1.3. Warunki dokonywania zakup\u00f3w w sklepie internetowym reguluje niniejszy Regulamin.<\/p>\n\n\n\n<p>1.4. Zapisy niniejszego Regulaminu nie maj\u0105 na celu ograniczenia, ani wy\u0142\u0105czenia praw konsument\u00f3w oraz praw os\u00f3b fizycznych, kt\u00f3re zawieraj\u0105 umow\u0119 bezpo\u015brednio zwi\u0105zan\u0105 z ich dzia\u0142alno\u015bci\u0105 gospodarcz\u0105, gdy z tre\u015bci tej umowy wynika, \u017ce nie posiada ona dla tych os\u00f3b charakteru zawodowego, wynikaj\u0105cego w szczeg\u00f3lno\u015bci z przedmiotu wykonywanej przez nie dzia\u0142alno\u015bci gospodarczej, udost\u0119pnionego na podstawie przepis\u00f3w o Centralnej Ewidencji i Informacji o Dzia\u0142alno\u015bci Gospodarczej, wynikaj\u0105cych z bezwzgl\u0119dnie obowi\u0105zuj\u0105cych przepis\u00f3w prawa. Wszelkie ewentualne w\u0105tpliwo\u015bci co do zapis\u00f3w Regulaminu b\u0119d\u0105 interpretowane na korzy\u015b\u0107 wy\u017cej wskazanych kategorii os\u00f3b, a w przypadku gdyby postanowienia Regulaminu okaza\u0142y si\u0119 niezgodne z bezwzgl\u0119dnie obowi\u0105zuj\u0105cymi przepisami prawa, uznaje si\u0119 te postanowienia z mocy prawa za niewa\u017cne.<\/p>\n\n\n\n<h3 class=\"wp-block-heading\">2. Ceny towar\u00f3w<\/h3>\n\n\n\n<p>2.1. Ceny towar\u00f3w opublikowane s\u0105 na stronie internetowej sklepu.<\/p>\n\n\n\n<p>2.2. Ceny towar\u00f3w nie zawieraj\u0105 op\u0142at za inne ewentualne us\u0142ugi towarzysz\u0105ce sprzeda\u017cy. W ka\u017cdym wypadku o koszcie dodatkowych us\u0142ug Kupuj\u0105cy informowany jest w chwili sk\u0142adania na nie zam\u00f3wienia oraz na ekranie podsumowania zam\u00f3wienia.<\/p>\n\n\n\n<h3 class=\"wp-block-heading\">3. Zawarcie umowy sprzeda\u017cy<\/h3>\n\n\n\n<p>3.1. Wszelkie umieszczone na stronie internetowej sklepu informacje handlowe, w tym ceny oraz opisy towar\u00f3w nie stanowi\u0105 oferty, lecz s\u0105 zaproszeniem do zawarcia umowy.<\/p>\n\n\n\n<p>3.2. Z\u0142o\u017cenie przez Kupuj\u0105cego zam\u00f3wienia jest jednoznaczne ze z\u0142o\u017ceniem przez niego oferty zakupu.<\/p>\n\n\n\n<p>3.3.&nbsp;Zawarcie umowy sprzeda\u017cy nast\u0119puje z chwil\u0105 otrzymania przez Kupuj\u0105cego o\u015bwiadczenia o potwierdzeniu przyj\u0119cia zam\u00f3wienia przez Sprzedawc\u0119. Sprzedawca sk\u0142ada ww. o\u015bwiadczenie nie p\u00f3\u017aniej ni\u017c w terminie 5 dni roboczych od chwili z\u0142o\u017cenia zam\u00f3wienia przez Kupuj\u0105cego. Po bezskutecznym up\u0142ywie 5 dni roboczych oferta z\u0142o\u017cona przez Kupuj\u0105cego przestaje wi\u0105za\u0107. W przypadku z\u0142o\u017cenia zam\u00f3wienia w sobot\u0119, niedziel\u0119 b\u0105d\u017a \u015bwi\u0119ta up\u0142yw wskazanego okresu liczy si\u0119 od godziny 8:00 najbli\u017cszego dnia roboczego.<\/p>\n\n\n\n<p>3.4. Potwierdzenie przyj\u0119cia zam\u00f3wienia nast\u0119puje poprzez wys\u0142anie wiadomo\u015bci e-mail na adres Kupuj\u0105cego podany przy sk\u0142adaniu zam\u00f3wienia.<\/p>\n\n\n\n<p>3.5. Z\u0142o\u017cenie zam\u00f3wienia nie wymaga rejestracji konta Kupuj\u0105cego w sklepie internetowym. Dane osobowe podane przez Kupuj\u0105cego w trakcie rejestracji konta s\u0105 wykorzystywane jedynie w celu realizacji umowy, chyba \u017ce Kupuj\u0105cy wyrazi w spos\u00f3b wyra\u017any zgod\u0119 na wykorzystanie ich w innych celach (np. marketingowych, reklamowych, informacyjnych).<\/p>\n\n\n\n<p>3.6. Brak dokonania wp\u0142aty ceny przez Kupuj\u0105cego w terminie 5 dni roboczych od dnia z\u0142o\u017cenia zam\u00f3wienia uznaje si\u0119 za wycofanie oferty zakupu.<\/p>\n\n\n\n<h3 class=\"wp-block-heading\">4. Prawo do odst\u0105pienia od umowy<\/h3>\n\n\n\n<p>4.1.Kupuj\u0105cy mo\u017ce odst\u0105pi\u0107 od umowy bez podania przyczyny w terminie 14 dni od daty otrzymania towaru przez Kupuj\u0105cego lub wskazan\u0105 przez niego osob\u0119 trzeci\u0105, inn\u0105 ni\u017c przewo\u017anik. Je\u017celi Kupuj\u0105cy w ramach jednego zam\u00f3wienia dokona\u0142 zakupu wielu rzeczy, kt\u00f3re zosta\u0142y dostarczone osobno, partiami lub w cz\u0119\u015bciach, bieg terminu do odst\u0105pienia od umowy rozpoczyna si\u0119 od dnia otrzymania ostatniej rzeczy, partii lub cz\u0119\u015bci. Po up\u0142ywie wskazanego terminu Kupuj\u0105cy traci&nbsp; prawo do odst\u0105pienia od umowy.<\/p>\n\n\n\n<p>4.2. Aby odst\u0105pi\u0107 od umowy, Kupuj\u0105cy powinien przes\u0142a\u0107 na adres e-mail Sprzedawcy&nbsp;<a href=\"mailto:info@jollyheap.com\">info@jollyheap.com<\/a>&nbsp;o\u015bwiadczenie o odst\u0105pieniu od umowy. Kupuj\u0105cy mo\u017ce skorzysta\u0107 z formularza odst\u0105pienia opublikowanego na stronie internetowej sklepu.<\/p>\n\n\n\n<p>4.3. Kupuj\u0105cy zobowi\u0105zany jest zwr\u00f3ci\u0107 towar niezw\u0142ocznie, nie p\u00f3\u017aniej ni\u017c w ci\u0105gu 14 dni od dnia odst\u0105pienia od umowy. Zwracany towar powinien by\u0107 kompletny i nie mo\u017ce nosi\u0107 \u015blad\u00f3w u\u017cytkowania. Koszty zwrotu rzeczy ponosi Kupuj\u0105cy. Je\u017celi rzecz nie mo\u017ce by\u0107 wys\u0142ana w zwyk\u0142ym trybie poczt\u0105, Kupuj\u0105cy ponosi koszty zwi\u0105zane z wybranym sposobem zwrotu rzeczy.<\/p>\n\n\n\n<p>4.4. W przypadku odst\u0105pienia przez Kupuj\u0105cego od umowy, Sprzedawca zwr\u00f3ci wszystkie otrzymane od Kupuj\u0105cego p\u0142atno\u015bci, w tym koszty dostarczenia rzeczy z wyj\u0105tkiem dodatkowych koszt\u00f3w wynikaj\u0105cych z wybranego przez Kupuj\u0105cego sposobu dostarczenia rzeczy innego ni\u017c najta\u0144szy zwyk\u0142y spos\u00f3b dostarczenia rzeczy oferowany przez Sprzedawc\u0119. Zwrot wp\u0142aconej kwoty nast\u0119puje w terminie 14 dni od daty otrzymania zwr\u00f3conego towaru lub dostarczenia przez Kupuj\u0105cego dowodu odes\u0142ania towaru, w zale\u017cno\u015bci od tego, kt\u00f3re zdarzenie nast\u0105pi wcze\u015bniej.<\/p>\n\n\n\n<p>4.5. Sprzedawca dokonuje zwrotu p\u0142atno\u015bci przy u\u017cyciu takiego samego sposobu p\u0142atno\u015bci, jakiego u\u017cy\u0142 Kupuj\u0105cy, chyba \u017ce Kupuj\u0105cy wyra\u017anie zgodzi\u0142 si\u0119 na inny spos\u00f3b zwrotu, kt\u00f3ry nie wi\u0105\u017ce si\u0119 dla niego z \u017cadnymi kosztami.<\/p>\n\n\n\n<p>4.6. Postanowienia niniejszego rozdzia\u0142u nie maj\u0105 zastosowania do Kupuj\u0105cych nie b\u0119d\u0105cych konsumentami oraz Kupuj\u0105cych nie b\u0119d\u0105cych osobami fizycznymi, kt\u00f3re zawieraj\u0105 umow\u0119 bezpo\u015brednio zwi\u0105zan\u0105 z ich dzia\u0142alno\u015bci\u0105 gospodarcz\u0105, gdy z tre\u015bci tej umowy wynika, \u017ce nie posiada ona dla tych os\u00f3b charakteru zawodowego, wynikaj\u0105cego w szczeg\u00f3lno\u015bci z przedmiotu wykonywanej przez nie dzia\u0142alno\u015bci gospodarczej, udost\u0119pnionego na podstawie przepis\u00f3w o Centralnej Ewidencji i Informacji o Dzia\u0142alno\u015bci Gospodarczej.<\/p>\n\n\n\n<h3 class=\"wp-block-heading\">5. P\u0142atno\u015bci<\/h3>\n\n\n\n<p>5.1. Kupuj\u0105cy mo\u017ce dokona\u0107 p\u0142atno\u015bci szybkim przelewem internetowym za po\u015brednictwem portalu paypal.com, &nbsp;przelew tradycyjnym na konto Sprzedawcy lub kart\u0105 p\u0142atnicz\u0105. Podmiotem \u015bwiadcz\u0105cym obs\u0142ug\u0119 p\u0142atno\u015bci online w zakresie p\u0142atno\u015bci kartami jest Blue Media S.A. Dost\u0119pne formy p\u0142atno\u015bci:<\/p>\n\n\n\n<p>Karty p\u0142atnicze:<\/p>\n\n\n\n<ul class=\"wp-block-list\">\n<li>Visa<\/li>\n\n\n\n<li>Visa Electron<\/li>\n\n\n\n<li>Mastercard<\/li>\n\n\n\n<li>MasterCard Electronic<\/li>\n\n\n\n<li>Maestro<\/li>\n<\/ul>\n\n\n\n<p>5.2. P\u0142atno\u015b\u0107 przelewem uznaje si\u0119 za dokonan\u0105 z chwil\u0105 uznania rachunku bankowego Sprzedawcy b\u0105d\u017a z chwil\u0105 otrzymania potwierdzenia o pozytywnej autoryzacji z serwisu p\u0142atno\u015bci online, w zale\u017cno\u015bci od tego kt\u00f3ra z tych sytuacji nast\u0105pi pierwsza.<\/p>\n\n\n\n<p>5.3. Sprzedawca zastrzega sobie prawo umo\u017cliwienia dokonania p\u0142atno\u015bci w innej formie na podstawie indywidualnych ustale\u0144 z Kupuj\u0105cym.<\/p>\n\n\n\n<h3 class=\"wp-block-heading\">6. Dostawa<\/h3>\n\n\n\n<p>6.1. Sprzedawca rozpoczyna realizacj\u0119 zam\u00f3wienia po dokonaniu p\u0142atno\u015bci przez Kupuj\u0105cego.&nbsp; Bieg terminu realizacji zam\u00f3wienia z\u0142o\u017conego w dzie\u0144 wolny od pracy rozpoczyna si\u0119 w najbli\u017cszym dniu roboczym.<\/p>\n\n\n\n<p>6.2. Wysy\u0142ka towaru jest realizowana w terminie okre\u015blonym w opisie towaru opublikowanym na stronie sklepu internetowego. Dostawa jest realizowana za po\u015brednictwem firmy kurierskiej.<\/p>\n\n\n\n<p>6.3. Zam\u00f3wiony towar dostarczany jest na adres Kupuj\u0105cego wskazany przez niego podczas sk\u0142adania zam\u00f3wienia.<\/p>\n\n\n\n<p>6.4. Wraz z towarem Kupuj\u0105cemu dostarczany jest dow\u00f3d sprzeda\u017cy towaru. Kupuj\u0105cy, sk\u0142adaj\u0105c zam\u00f3wienie oraz akceptuj\u0105c niniejszy regulamin wyra\u017ca zgod\u0119 na przesy\u0142anie faktur oraz ich duplikat\u00f3w i korekt&nbsp; w formie elektronicznej w rozumieniu art. 106n ust. 1 ustawy z dnia 11 marca 2004 r. o podatku od towar\u00f3w i us\u0142ug na adres e-mail podany przez Kupuj\u0105cego w trakcie tworzenia konta lub przy sk\u0142adaniu zam\u00f3wienia. W razie zmiany adresu e-mail Kupuj\u0105cy zobowi\u0105zuje si\u0119 powiadomi\u0107 Sprzedawc\u0119 o tym fakcie. W razie braku takiego dzia\u0142ania ze strony Kupuj\u0105cego uznaje si\u0119 za skuteczne dor\u0119czenie faktury na dotychczas podany adres e-mail. Sprzedawca zastrzega mo\u017cliwo\u015b\u0107 przesy\u0142anie faktur w formie papierowej drog\u0105 tradycyjn\u0105 w razie wyst\u0105pienia przeszk\u00f3d o charakterze technicznym. Na \u017cyczenie Kupuj\u0105cego b\u0119d\u0105cego konsumentem Sprzedawca dor\u0119cza Kupuj\u0105cemu faktur\u0119.<\/p>\n\n\n\n<p>6.5. W przypadku zam\u00f3wienia towar\u00f3w o r\u00f3\u017cnych terminach dostawy, wysy\u0142ka zam\u00f3wienia nast\u0119puje po skompletowaniu ca\u0142o\u015bci zam\u00f3wienia przez Sprzedawc\u0119.<\/p>\n\n\n\n<p>6.6. Sprzedawca zobowi\u0105zany jest dostarczy\u0107 Kupuj\u0105cemu towar wolny od wad.<\/p>\n\n\n\n<h3 class=\"wp-block-heading\">7. R\u0119kojmia i reklamacje<\/h3>\n\n\n\n<p>7.1. Sprzedawca odpowiada wzgl\u0119dem Kupuj\u0105cego za wady rzeczy wed\u0142ug regu\u0142 okre\u015blonych w przepisach bezwzgl\u0119dnie obowi\u0105zuj\u0105cych.<\/p>\n\n\n\n<p>7.2. Reklamacj\u0119 nale\u017cy zg\u0142osi\u0107 za po\u015brednictwem poczty elektronicznej na adres e\u2013mail:&nbsp;<a href=\"mailto:info@jollyheap.com\">info@jollyheap.com<\/a>&nbsp;wraz z opisem wady i okoliczno\u015bciami jej ujawnienia oraz \u017c\u0105daniem Kupuj\u0105cego. Kupuj\u0105cy mo\u017ce skorzysta\u0107 z formularza reklamacji opublikowanego na stronie internetowej sklepu.<\/p>\n\n\n\n<p>7.3. Kupuj\u0105cy b\u0119d\u0105cy konsumentem mo\u017ce zamiast zaproponowanego przez Sprzedawc\u0119 usuni\u0119cia wady \u017c\u0105da\u0107 wymiany rzeczy na woln\u0105 od wad albo zamiast wymiany rzeczy \u017c\u0105da\u0107 usuni\u0119cia wady, chyba \u017ce doprowadzenie rzeczy do zgodno\u015bci z umow\u0105 w spos\u00f3b wybrany przez Kupuj\u0105cego jest niemo\u017cliwe albo wymaga\u0142oby nadmiernych koszt\u00f3w w por\u00f3wnaniu ze sposobem proponowanym przez Sprzedawc\u0119. Przy ocenie nadmierno\u015bci koszt\u00f3w uwzgl\u0119dnia si\u0119 warto\u015b\u0107 rzeczy wolnej od wad, rodzaj i znaczenie stwierdzonej wady, a tak\u017ce bierze si\u0119 pod uwag\u0119 niedogodno\u015bci, na jakie nara\u017ca\u0142by Kupuj\u0105cego inny spos\u00f3b zaspokojenia. Sprzedawca odpowiada z tytu\u0142u r\u0119kojmi, je\u017celi wada fizyczna zostanie stwierdzona przed up\u0142ywem dw\u00f3ch lat od dnia wydania rzeczy Kupuj\u0105cemu.<\/p>\n\n\n\n<p>7.4. Reklamowany towar powinien zosta\u0107 odes\u0142any na adres siedziby Sprzedawcy.<\/p>\n\n\n\n<p>7.5. Reklamacja Kupuj\u0105cego zostanie rozpatrzona w terminie 14 dni licz\u0105c od dnia jej otrzymania przez Sprzedawc\u0119. W przypadku nieuwzgl\u0119dnienia reklamacji towar zostanie odes\u0142any do Kupuj\u0105cego wraz z opini\u0105 o niezasadno\u015bci reklamacji.<\/p>\n\n\n\n<p>7.6. Wy\u0142\u0105cza si\u0119 odpowiedzialno\u015b\u0107 Sprzedawcy z tytu\u0142u r\u0119kojmi w stosunku do Kupuj\u0105cych nie b\u0119d\u0105cych konsumentami. W przypadku sprzeda\u017cy rzeczy u\u017cywanych odpowiedzialno\u015b\u0107 Sprzedawcy wobec Kupuj\u0105cego b\u0119d\u0105cego konsumentem oraz Kupuj\u0105cego b\u0119d\u0105cego osob\u0105 fizyczn\u0105 zawieraj\u0105c\u0105 umow\u0119 bezpo\u015brednio zwi\u0105zan\u0105 z jej dzia\u0142alno\u015bci\u0105 gospodarcz\u0105, gdy z tre\u015bci tej umowy wynika, \u017ce nie posiada ona dla niej charakteru zawodowego, wynikaj\u0105cego w szczeg\u00f3lno\u015bci z przedmiotu wykonywanej przez ni\u0105 dzia\u0142alno\u015bci gospodarczej, udost\u0119pnionego na podstawie przepis\u00f3w o Centralnej Ewidencji i Informacji o Dzia\u0142alno\u015bci Gospodarczej, ogranicza si\u0119 do 1 roku od dnia wydania towaru Kupuj\u0105cemu.<\/p>\n\n\n\n<p>7.7. Sprzedawca jest zwolniony od odpowiedzialno\u015bci z tytu\u0142u r\u0119kojmi, je\u017celi Kupuj\u0105cy wiedzia\u0142 o wadzie w chwili zawarcia umowy.<\/p>\n\n\n\n<h3 class=\"wp-block-heading\">8. Przetwarzanie danych osobowych<\/h3>\n\n\n\n<p>8.1. Administratorem danych osobowych jest Sprzedawca, kt\u00f3rego dane rejestrowe okre\u015bla ust. 1.1. Regulaminu.<\/p>\n\n\n\n<p>8.2. Dane osobowe s\u0105 przetwarzane zgodnie z Rozporz\u0105dzeniem Parlamentu Europejskiego i Rady (UE) 2016\/679 z dnia 27 kwietnia 2016 r. w sprawie ochrony os\u00f3b fizycznych w zwi\u0105zku z przetwarzaniem danych osobowych i w sprawie swobodnego przep\u0142ywu takich danych oraz uchylenia dyrektywy 95\/46\/WE (dalej jako RODO) i innymi powszechnie obwi\u0105zuj\u0105cymi przepisami.<\/p>\n\n\n\n<p>8.3. Dane pozyskane przez Administratora w trakcie sk\u0142adania zam\u00f3wienia i zawarcia umowy sprzeda\u017cy przetwarzane s\u0105 w zwi\u0105zku z (cele przetwarzania): (a) wyra\u017con\u0105 przez Pa\u0144stwa zgod\u0119 na przetwarzanie danych w okre\u015blonym celu (art. 6 ust. 1 lit. a RODO), (b) konieczno\u015bci\u0105 realizacji um\u00f3w zawartych przez Pa\u0144stwa z Administratorem, jak r\u00f3wnie\u017c podj\u0119tymi dzia\u0142aniami przed zawarciem powo\u0142anych um\u00f3w na Pa\u0144stwa \u017c\u0105danie (art. 6 ust. 1 lit. b RODO), (c) konieczno\u015bci\u0105 wype\u0142nienia obowi\u0105zku prawnego ci\u0105\u017c\u0105cego na Administratorze (art. 6 ust. 1 lit. c RODO).<\/p>\n\n\n\n<p>8.4. Dane osobowe Kupuj\u0105cego mog\u0105 by\u0107 przetwarzane w zwi\u0105zku z prawnie uzasadnionym interesem Administratora w celu zabezpieczenia i dochodzenia roszcze\u0144, a tak\u017ce marketingiem us\u0142ug w\u0142asnych (art. 6 ust. 1 lit. f RODO).<\/p>\n\n\n\n<p>8.5. W przypadku rozpocz\u0119cia subskrypcji Newslettera dane osobowe przetwarzane s\u0105 na podstawie zgody na przetwarzanie danych osobowych w celach marketingowych w zwi\u0105zku z wysy\u0142aniem informacji handlowej w postaci Newslettera (art. 6 ust. 1 lit. a RODO).<\/p>\n\n\n\n<p>8.6. Podanie danych osobowych jest dobrowolne, niemniej wymagane do z\u0142o\u017cenia zam\u00f3wienia, zawarcia umowy sprzeda\u017cy i jej prawid\u0142owej realizacji.<\/p>\n\n\n\n<p>8.7. Dane osobowe Kupuj\u0105cego mog\u0105 zosta\u0107 udost\u0119pnione, w zale\u017cno\u015bci od wybranego sposobu dostawy zam\u00f3wienia i sposobu zap\u0142aty, wybranemu przewo\u017anikowi lub po\u015brednikowi realizuj\u0105cemu przesy\u0142ki na zlecenie Administratora w celu realizacji dostawy, a tak\u017ce podmiotowi obs\u0142uguj\u0105cemu p\u0142atno\u015bci elektroniczne lub p\u0142atno\u015bci kart\u0105 p\u0142atnicz\u0105, bankowi prowadz\u0105cemu rachunek bankowy Administratora, w celu umo\u017cliwienia Kupuj\u0105cemu dokonania zap\u0142aty za zam\u00f3wienie. Administrator mo\u017ce tak\u017ce udost\u0119pni\u0107 Pa\u0144stwa dane osobowe biuru rachunkowemu, a tak\u017ce podmiotom \u015bwiadcz\u0105cym us\u0142ugi hostingowe i podmiotom z bran\u017cy informatycznej utrzymuj\u0105cym sklep internetowym.<\/p>\n\n\n\n<p>8.8. Dane osobowe s\u0105 przechowywane przez okres niezb\u0119dny do: (1) zabezpieczenia lub dochodzenia ewentualnych roszcze\u0144 wynikaj\u0105cych z umowy, (2) posprzeda\u017cowej obs\u0142ugi Kupuj\u0105cego (rozpatrywanie reklamacji), (3) wywi\u0105zania si\u0119 z obowi\u0105zku prawnego na\u0142o\u017conego na Administratora (wynikaj\u0105cego np. z przepis\u00f3w o rachunkowo\u015bci i przepis\u00f3w podatkowych). Dane osobowe przetwarzane do cel\u00f3w marketingowych i innych cel\u00f3w ni\u017c wymienione powy\u017cej przetwarzane b\u0119d\u0105 do chwili cofni\u0119cia uprzednio wyra\u017conej zgody na ich przetwarzanie w tym celu lub do chwili wniesienia sprzeciwu.<\/p>\n\n\n\n<p>8.9. W przypadku, gdyby Administrator planowa\u0142 dalej przetwarza\u0107 dane osobowe w celu innym ni\u017c cel, w kt\u00f3rym dane osobowe zosta\u0142y zebrane, przed takim dalszym przetwarzaniem poinformuje o tym innym celu oraz udzieli wszelkich innych stosownych informacji.<\/p>\n\n\n\n<p>8.10. Kupuj\u0105cemu przys\u0142uguje prawo do \u017c\u0105dania od Administratora danych osobowych dost\u0119pu do swoich danych osobowych, ich sprostowania, usuni\u0119cia lub ograniczenia przetwarzania, prawo do wniesienia sprzeciwu wobec ich przetwarzania, a tak\u017ce prawo do ich przeniesienia. Kupuj\u0105cemu przys\u0142uguje tak\u017ce prawo do wniesienia skargi do organu nadzorczego.<\/p>\n\n\n\n<p>8.11. Szczeg\u00f3\u0142owe zasady przetwarzania danych osobowych przez Administratora okre\u015blaj\u0105 postanowienia Polityki prywatno\u015bci.<\/p>\n\n\n\n<h3 class=\"wp-block-heading\">9. Postanowienia ko\u0144cowe<\/h3>\n\n\n\n<p>9.1. Do z\u0142o\u017cenia zam\u00f3wienia w sklepie internetowym niezb\u0119dne jest wyra\u017cenie zgody na zapisy niniejszego Regulaminu.<\/p>\n\n\n\n<p>9.2.&nbsp;W sprawach zwi\u0105zanych z realizacj\u0105 zam\u00f3wienia Kupuj\u0105cy mo\u017ce kontaktowa\u0107 si\u0119 ze Sprzedawc\u0105 za po\u015brednictwem poczty elektronicznej kierowanej na adres:&nbsp;<a href=\"mailto:info@jollyheap.com\">info@jollyheap.com<\/a>&nbsp;lub telefonicznie pod numerem: +48 575 935 005.<\/p>\n\n\n\n<p>9.3. W sprawach nieuregulowanych w niniejszym Regulaminie zastosowanie maj\u0105 przepisy prawa powszechnie obowi\u0105zuj\u0105cego.<\/p>\n\n\n\n<p>9.4. Wszelkie publikowane na stronie znaki towarowe oraz nazwy u\u017cywane s\u0105 wy\u0142\u0105cznie w celach identyfikacyjnych i mog\u0105 by\u0107 zastrze\u017conymi znakami towarowymi ich prawowitych w\u0142a\u015bcicieli.<\/p>\n\n\n\n<p>9.5. Spory wynikaj\u0105ce z um\u00f3w zawartych zgodnie z niniejszym Regulaminem z Kupuj\u0105cym nie b\u0119d\u0105cym konsumentem oraz z Kupuj\u0105cym nie b\u0119d\u0105cym osob\u0105 fizyczn\u0105 zawieraj\u0105c\u0105 umow\u0119 bezpo\u015brednio zwi\u0105zan\u0105 z jej dzia\u0142alno\u015bci\u0105 gospodarcz\u0105, gdy z tre\u015bci tej umowy wynika, \u017ce nie posiada ona dla niej charakteru zawodowego, wynikaj\u0105cego w szczeg\u00f3lno\u015bci z przedmiotu wykonywanej przez ni\u0105 dzia\u0142alno\u015bci gospodarczej, udost\u0119pnionego na podstawie przepis\u00f3w o Centralnej Ewidencji i Informacji o Dzia\u0142alno\u015bci Gospodarczej, rozstrzyga s\u0105d powszechny w\u0142a\u015bciwy dla siedziby Sprzedawcy.<\/p>\n\n\n\n<p>9.6. Sprzedawca zastrzega sobie prawo zmiany niniejszego regulaminu. Zmiany regulaminu wchodz\u0105 w \u017cycie po up\u0142ywie 14 dni od ich opublikowania. Do zam\u00f3wie\u0144 z\u0142o\u017conych przed wej\u015bciem zmiany w \u017cycie zastosowanie maj\u0105 zapisy poprzedniego regulaminu.<\/p>\n\n\n\n<p>9.7.&nbsp;Kupuj\u0105cy b\u0119d\u0105cy konsumentem ma mo\u017cliwo\u015b\u0107 skorzystania z pozas\u0105dowych sposob\u00f3w rozpatrywania reklamacji i dochodzenia roszcze\u0144. Pozas\u0105dowe rozstrzyganie spor\u00f3w przez Internet pomi\u0119dzy konsumentami a przedsi\u0119biorcami umo\u017cliwia europejska platforma ODR dost\u0119pna pod adresem:&nbsp;<a href=\"http:\/\/ec.europa.eu\/consumers\/odr\/\" target=\"_blank\" rel=\"noopener\">http:\/\/ec.europa.eu\/consumers\/odr\/<\/a>.<\/p>\n\n\n\n<p>9.8. Regulamin obowi\u0105zuje od dnia 01.01.2021 r.<\/p>\n","protected":false},"excerpt":{"rendered":"<p>shop.jollyheap.com 1. Postanowienia og\u00f3lne 1.1. Operatorem i administratorem sklepu internetowego prowadzonego za po\u015brednictwem strony internetowej jollyheap.com&nbsp; jest Svitlana Sapunova, prowadz\u0105ca dzia\u0142alno\u015b\u0107 gospodarcz\u0105 pod firm\u0105 \u201cJOLLY-HEAP\u201d Svitlana Sapunova, ul. Aleja Led 4, 55-020 Rzeplin, NIP: 8992772832, REGON: 362440030, dalej zwana \u201eSprzedawc\u0105\u201d. Pozosta\u0142e dane kontaktowe Sprzedawcy: e-mail:&nbsp;info@jollyheap.com, tel.: +48 575 935 005. 1.2. Sprzedawca jest stron\u0105 zawieranych [&hellip;]<\/p>\n","protected":false},"author":1,"featured_media":0,"parent":0,"menu_order":0,"comment_status":"closed","ping_status":"closed","template":"template-fullwidth.php","meta":{"_eb_attr":"","footnotes":""},"class_list":["post-4373","page","type-page","status-publish","hentry"],"_links":{"self":[{"href":"https:\/\/shop.jollyheap.com\/pl\/wp-json\/wp\/v2\/pages\/4373","targetHints":{"allow":["GET"]}}],"collection":[{"href":"https:\/\/shop.jollyheap.com\/pl\/wp-json\/wp\/v2\/pages"}],"about":[{"href":"https:\/\/shop.jollyheap.com\/pl\/wp-json\/wp\/v2\/types\/page"}],"author":[{"embeddable":true,"href":"https:\/\/shop.jollyheap.com\/pl\/wp-json\/wp\/v2\/users\/1"}],"replies":[{"embeddable":true,"href":"https:\/\/shop.jollyheap.com\/pl\/wp-json\/wp\/v2\/comments?post=4373"}],"version-history":[{"count":1,"href":"https:\/\/shop.jollyheap.com\/pl\/wp-json\/wp\/v2\/pages\/4373\/revisions"}],"predecessor-version":[{"id":4375,"href":"https:\/\/shop.jollyheap.com\/pl\/wp-json\/wp\/v2\/pages\/4373\/revisions\/4375"}],"wp:attachment":[{"href":"https:\/\/shop.jollyheap.com\/pl\/wp-json\/wp\/v2\/media?parent=4373"}],"curies":[{"name":"wp","href":"https:\/\/api.w.org\/{rel}","templated":true}]}}