{"id":4390,"date":"2024-09-25T08:39:21","date_gmt":"2024-09-25T08:39:21","guid":{"rendered":"https:\/\/shop.jollyheap.com\/track-your-order\/"},"modified":"2024-10-25T10:08:07","modified_gmt":"2024-10-25T10:08:07","slug":"track-your-order","status":"publish","type":"page","link":"https:\/\/shop.jollyheap.com\/pl\/track-your-order\/","title":{"rendered":"\u015aledzenie paczki"},"content":{"rendered":"\n<div class=\"wp-block-group container is-layout-flow wp-block-group-is-layout-flow\">\n<div class=\"wp-block-group has-global-padding is-layout-constrained wp-container-core-group-is-layout-141bf836 wp-block-group-is-layout-constrained\" style=\"padding-top:var(--wp--preset--spacing--large);padding-bottom:var(--wp--preset--spacing--large)\">\n<h1 class=\"wp-block-heading has-text-align-center\" id=\"h-track-your-order\">\u015aledzenie paczki<\/h1>\n\n\n\n<div style=\"height:10px\" aria-hidden=\"true\" class=\"wp-block-spacer\"><\/div>\n\n\n\n<!--Tracking number input box.-->\n<div class=\"tracking-wrapper\">\n<input type=\"text\" id=\"YQNum\" maxlength=\"50\"\/>\n<!--The button is used to call script method.-->\n<input type=\"button\" value=\"\u015aLED\u017b\" onclick=\"doTrack()\"\/>\n<!--Container to display the tracking result.-->\n<\/div>\n<div id=\"YQContainer\"><\/div>\n\n\n<!--Script code can be put in the bottom of the page, wait until the page is loaded then execute.-->\n<script type=\"text\/javascript\" src=\"\/\/www.17track.net\/externalcall.js\"><\/script>\n<script type=\"text\/javascript\">\nfunction doTrack() {\n    var num = document.getElementById(\"YQNum\").value;\n    if(num===\"\"){\n        alert(\"Enter your number.\"); \n        return;\n    }\n    YQV5.trackSingle({\n        \/\/Required, Specify the container ID of the carrier content.\n        YQ_ContainerId:\"YQContainer\",\n        \/\/Optional, specify tracking result height, max height 800px, default is 560px.\n        YQ_Height:560,\n        \/\/Optional, select carrier, default to auto identify.\n        YQ_Fc:\"0\",\n        \/\/Optional, specify UI language, default language is automatically detected based on the browser settings.\n        YQ_Lang:\"en\",\n        \/\/Required, specify the number needed to be tracked.\n        YQ_Num:num\n    });\n}\n<\/script>\n\n\n\n<div style=\"height:5px\" aria-hidden=\"true\" class=\"wp-block-spacer\"><\/div>\n\n\n\n<p class=\"has-text-align-center\"><strong>Jak sprawdzi\u0107 numer przesy\u0142ki:<br><\/strong>Po wys\u0142aniu paczki zostanie wys\u0142ana wiadomo\u015b\u0107 e-mail z numerem \u015bledzenia.<\/p>\n<\/div>\n<\/div>\n","protected":false},"excerpt":{"rendered":"<p>\u015aledzenie paczki Jak sprawdzi\u0107 numer przesy\u0142ki:Po wys\u0142aniu paczki zostanie wys\u0142ana wiadomo\u015b\u0107 e-mail z numerem \u015bledzenia.<\/p>\n","protected":false},"author":1,"featured_media":0,"parent":0,"menu_order":0,"comment_status":"closed","ping_status":"closed","template":"template-canvas.php","meta":{"_eb_attr":"","footnotes":""},"class_list":["post-4390","page","type-page","status-publish","hentry"],"_links":{"self":[{"href":"https:\/\/shop.jollyheap.com\/pl\/wp-json\/wp\/v2\/pages\/4390","targetHints":{"allow":["GET"]}}],"collection":[{"href":"https:\/\/shop.jollyheap.com\/pl\/wp-json\/wp\/v2\/pages"}],"about":[{"href":"https:\/\/shop.jollyheap.com\/pl\/wp-json\/wp\/v2\/types\/page"}],"author":[{"embeddable":true,"href":"https:\/\/shop.jollyheap.com\/pl\/wp-json\/wp\/v2\/users\/1"}],"replies":[{"embeddable":true,"href":"https:\/\/shop.jollyheap.com\/pl\/wp-json\/wp\/v2\/comments?post=4390"}],"version-history":[{"count":3,"href":"https:\/\/shop.jollyheap.com\/pl\/wp-json\/wp\/v2\/pages\/4390\/revisions"}],"predecessor-version":[{"id":5089,"href":"https:\/\/shop.jollyheap.com\/pl\/wp-json\/wp\/v2\/pages\/4390\/revisions\/5089"}],"wp:attachment":[{"href":"https:\/\/shop.jollyheap.com\/pl\/wp-json\/wp\/v2\/media?parent=4390"}],"curies":[{"name":"wp","href":"https:\/\/api.w.org\/{rel}","templated":true}]}}