{"id":2936,"date":"2024-09-06T09:35:40","date_gmt":"2024-09-06T09:35:40","guid":{"rendered":"https:\/\/shop.jollyheap.com\/product\/lion-lorenzo\/"},"modified":"2024-12-06T00:01:14","modified_gmt":"2024-12-06T00:01:14","slug":"lion-lorenzo","status":"publish","type":"product","link":"https:\/\/shop.jollyheap.com\/pl\/product\/lion-lorenzo\/","title":{"rendered":"Lew LORENZO"},"content":{"rendered":"<p><strong>Lew Lorenzo <\/strong>&#8211; stw\u00f3rz niezapomniane safari z okaza\u0142ym lwem.<\/p>\n<hr \/>\n<p>Wymy\u015blone przez nas JollyHeap to innowacyjne klocki oparte na kszta\u0142cie sze\u015bcianu, tr\u00f3jk\u0105ta, kt\u00f3re zawieraj\u0105 du\u017co magnes\u00f3w.<br \/>\nKolory \u0142\u0105cz\u0105 si\u0119 naprzemiennie zgodnie z polaryzacj\u0105 (+\/-). Dzi\u0119ki temu JollyHeap to jedyne klocki na \u015bwiecie, kt\u00f3re mo\u017cna \u0142\u0105czy\u0107 ze sob\u0105 ze wszystkich stron!<\/p>\n<hr \/>\n<p><strong>JollyHeap to wspania\u0142a zabawa, kt\u00f3ra pozwala na realizacj\u0119 swoich pomys\u0142\u00f3w rozszerzaj\u0105c horyzonty swojej fantazji.<\/strong><\/p>\n<hr \/>\n<p>Przy zam\u00f3wieniu powy\u017cej 2 kolor\u00f3w prosimy o kontakt telefoniczny lub mailowy<\/p>\n","protected":false},"excerpt":{"rendered":"<p><em>* <\/em>Zdj\u0119cie zawiera przyk\u0142adow\u0105 konstrukcj\u0119 wykonan\u0105 z danej ilo\u015bci klock\u00f3w<\/p>\n","protected":false},"featured_media":5005,"comment_status":"closed","ping_status":"closed","template":"","meta":{"_eb_attr":""},"product_brand":[],"product_cat":[131],"product_tag":[224],"class_list":{"0":"post-2936","1":"product","2":"type-product","3":"status-publish","4":"has-post-thumbnail","6":"product_cat-jolly-heap-pl","7":"product_tag-figures-pl","9":"first","10":"instock","11":"featured","12":"taxable","13":"shipping-taxable","14":"purchasable","15":"product-type-variable"},"_links":{"self":[{"href":"https:\/\/shop.jollyheap.com\/pl\/wp-json\/wp\/v2\/product\/2936","targetHints":{"allow":["GET"]}}],"collection":[{"href":"https:\/\/shop.jollyheap.com\/pl\/wp-json\/wp\/v2\/product"}],"about":[{"href":"https:\/\/shop.jollyheap.com\/pl\/wp-json\/wp\/v2\/types\/product"}],"replies":[{"embeddable":true,"href":"https:\/\/shop.jollyheap.com\/pl\/wp-json\/wp\/v2\/comments?post=2936"}],"wp:featuredmedia":[{"embeddable":true,"href":"https:\/\/shop.jollyheap.com\/pl\/wp-json\/wp\/v2\/media\/5005"}],"wp:attachment":[{"href":"https:\/\/shop.jollyheap.com\/pl\/wp-json\/wp\/v2\/media?parent=2936"}],"wp:term":[{"taxonomy":"product_brand","embeddable":true,"href":"https:\/\/shop.jollyheap.com\/pl\/wp-json\/wp\/v2\/product_brand?post=2936"},{"taxonomy":"product_cat","embeddable":true,"href":"https:\/\/shop.jollyheap.com\/pl\/wp-json\/wp\/v2\/product_cat?post=2936"},{"taxonomy":"product_tag","embeddable":true,"href":"https:\/\/shop.jollyheap.com\/pl\/wp-json\/wp\/v2\/product_tag?post=2936"}],"curies":[{"name":"wp","href":"https:\/\/api.w.org\/{rel}","templated":true}]}}