{"id":3110,"date":"2024-09-06T09:37:44","date_gmt":"2024-09-06T09:37:44","guid":{"rendered":"https:\/\/shop.jollyheap.com\/product\/sports-car-f-sport\/"},"modified":"2024-10-08T12:20:32","modified_gmt":"2024-10-08T12:20:32","slug":"sports-car-f-sport","status":"publish","type":"product","link":"https:\/\/shop.jollyheap.com\/pl\/product\/sports-car-f-sport\/","title":{"rendered":"Auto sportowe F-SPORT"},"content":{"rendered":"<p>Auto sportowe <strong>F-SPORT<\/strong> &#8211; zosta\u0144 mistrzem w niezapomnianym wy\u015bcigu kieruj\u0105c sportowym autem F-SPORT.<\/p>\n<hr \/>\n<p>Wymy\u015blone przez nas JollyHeap to innowacyjne klocki oparte na kszta\u0142cie sze\u015bcianu, tr\u00f3jk\u0105ta, kt\u00f3re zawieraj\u0105 du\u017co magnes\u00f3w.<br \/>\nKolory \u0142\u0105cz\u0105 si\u0119 naprzemiennie zgodnie z polaryzacj\u0105 (+\/-). Dzi\u0119ki temu JollyHeap to jedyne klocki na \u015bwiecie, kt\u00f3re mo\u017cna \u0142\u0105czy\u0107 ze sob\u0105 ze wszystkich stron!<\/p>\n<hr \/>\n<p><strong>JollyHeap to wspania\u0142a zabawa, kt\u00f3ra pozwala na realizacj\u0119 swoich pomys\u0142\u00f3w rozszerzaj\u0105c horyzonty swojej fantazji.<\/strong><\/p>\n<hr \/>\n<p>Przy zam\u00f3wieniu powy\u017cej 2 kolor\u00f3w prosimy o kontakt telefoniczny lub mailowy<\/p>\n","protected":false},"excerpt":{"rendered":"<p>* Zdj\u0119cie zawiera przyk\u0142adow\u0105 konstrukcj\u0119 wykonan\u0105 z danej ilo\u015bci klock\u00f3w<\/p>\n<div id=\"gtx-trans\" style=\"position: absolute; left: 326px; top: 53.2642px;\">\n<div class=\"gtx-trans-icon\"><\/div>\n<\/div>\n","protected":false},"featured_media":5045,"comment_status":"closed","ping_status":"closed","template":"","meta":{"_eb_attr":""},"product_brand":[],"product_cat":[131],"product_tag":[224],"class_list":{"0":"post-3110","1":"product","2":"type-product","3":"status-publish","4":"has-post-thumbnail","6":"product_cat-jolly-heap-pl","7":"product_tag-figures-pl","9":"first","10":"instock","11":"taxable","12":"shipping-taxable","13":"purchasable","14":"product-type-variable"},"_links":{"self":[{"href":"https:\/\/shop.jollyheap.com\/pl\/wp-json\/wp\/v2\/product\/3110","targetHints":{"allow":["GET"]}}],"collection":[{"href":"https:\/\/shop.jollyheap.com\/pl\/wp-json\/wp\/v2\/product"}],"about":[{"href":"https:\/\/shop.jollyheap.com\/pl\/wp-json\/wp\/v2\/types\/product"}],"replies":[{"embeddable":true,"href":"https:\/\/shop.jollyheap.com\/pl\/wp-json\/wp\/v2\/comments?post=3110"}],"wp:featuredmedia":[{"embeddable":true,"href":"https:\/\/shop.jollyheap.com\/pl\/wp-json\/wp\/v2\/media\/5045"}],"wp:attachment":[{"href":"https:\/\/shop.jollyheap.com\/pl\/wp-json\/wp\/v2\/media?parent=3110"}],"wp:term":[{"taxonomy":"product_brand","embeddable":true,"href":"https:\/\/shop.jollyheap.com\/pl\/wp-json\/wp\/v2\/product_brand?post=3110"},{"taxonomy":"product_cat","embeddable":true,"href":"https:\/\/shop.jollyheap.com\/pl\/wp-json\/wp\/v2\/product_cat?post=3110"},{"taxonomy":"product_tag","embeddable":true,"href":"https:\/\/shop.jollyheap.com\/pl\/wp-json\/wp\/v2\/product_tag?post=3110"}],"curies":[{"name":"wp","href":"https:\/\/api.w.org\/{rel}","templated":true}]}}