{"id":3265,"date":"2024-09-06T09:40:02","date_gmt":"2024-09-06T09:40:02","guid":{"rendered":"https:\/\/shop.jollyheap.com\/product\/spider-cleo-2\/"},"modified":"2026-02-17T00:04:53","modified_gmt":"2026-02-17T00:04:53","slug":"spider-cleo-2","status":"publish","type":"product","link":"https:\/\/shop.jollyheap.com\/pl\/product\/spider-cleo-2\/","title":{"rendered":"Paj\u0105czek CLEO"},"content":{"rendered":"<p>Paj\u0105k <strong>BRUNO <\/strong>&#8211; takich przyjaci\u00f3\u0142 jak Spider Bruno poznasz tylko w JollyHeap.<\/p>\n<hr \/>\n<p>Wymy\u015blone przez nas JollyHeap to innowacyjne klocki oparte na kszta\u0142cie sze\u015bcianu, tr\u00f3jk\u0105ta, kt\u00f3re zawieraj\u0105 du\u017co magnes\u00f3w.<br \/>\nKolory \u0142\u0105cz\u0105 si\u0119 naprzemiennie zgodnie z polaryzacj\u0105 (+\/-). Dzi\u0119ki temu JollyHeap to jedyne klocki na \u015bwiecie, kt\u00f3re mo\u017cna \u0142\u0105czy\u0107 ze sob\u0105 ze wszystkich stron!<\/p>\n<hr \/>\n<p><strong>JollyHeap to wspania\u0142a zabawa, kt\u00f3ra pozwala na realizacj\u0119 swoich pomys\u0142\u00f3w rozszerzaj\u0105c horyzonty swojej fantazji.<\/strong><\/p>\n<hr \/>\n<p>Przy zam\u00f3wieniu powy\u017cej 2 kolor\u00f3w prosimy o kontakt telefoniczny lub mailowy<\/p>\n","protected":false},"excerpt":{"rendered":"<p>* Zdj\u0119cie zawiera przyk\u0142adow\u0105 konstrukcj\u0119 wykonan\u0105 z danej ilo\u015bci klock\u00f3w<\/p>\n<div id=\"gtx-trans\" style=\"position: absolute; left: 326px; top: 53.2642px;\">\n<div class=\"gtx-trans-icon\"><\/div>\n<\/div>\n","protected":false},"featured_media":4814,"comment_status":"closed","ping_status":"open","template":"","meta":{"_eb_attr":""},"product_brand":[],"product_cat":[131,236],"product_tag":[],"class_list":{"0":"post-3265","1":"product","2":"type-product","3":"status-publish","4":"has-post-thumbnail","6":"product_cat-jolly-heap-pl","7":"product_cat-miekkie-bloki-konstrukcyjne","9":"first","10":"instock","11":"taxable","12":"shipping-taxable","13":"purchasable","14":"product-type-variable"},"_links":{"self":[{"href":"https:\/\/shop.jollyheap.com\/pl\/wp-json\/wp\/v2\/product\/3265","targetHints":{"allow":["GET"]}}],"collection":[{"href":"https:\/\/shop.jollyheap.com\/pl\/wp-json\/wp\/v2\/product"}],"about":[{"href":"https:\/\/shop.jollyheap.com\/pl\/wp-json\/wp\/v2\/types\/product"}],"replies":[{"embeddable":true,"href":"https:\/\/shop.jollyheap.com\/pl\/wp-json\/wp\/v2\/comments?post=3265"}],"wp:featuredmedia":[{"embeddable":true,"href":"https:\/\/shop.jollyheap.com\/pl\/wp-json\/wp\/v2\/media\/4814"}],"wp:attachment":[{"href":"https:\/\/shop.jollyheap.com\/pl\/wp-json\/wp\/v2\/media?parent=3265"}],"wp:term":[{"taxonomy":"product_brand","embeddable":true,"href":"https:\/\/shop.jollyheap.com\/pl\/wp-json\/wp\/v2\/product_brand?post=3265"},{"taxonomy":"product_cat","embeddable":true,"href":"https:\/\/shop.jollyheap.com\/pl\/wp-json\/wp\/v2\/product_cat?post=3265"},{"taxonomy":"product_tag","embeddable":true,"href":"https:\/\/shop.jollyheap.com\/pl\/wp-json\/wp\/v2\/product_tag?post=3265"}],"curies":[{"name":"wp","href":"https:\/\/api.w.org\/{rel}","templated":true}]}}