{"id":3482,"date":"2024-09-06T09:44:00","date_gmt":"2024-09-06T09:44:00","guid":{"rendered":"https:\/\/shop.jollyheap.com\/product\/turtle-tapi-tuk\/"},"modified":"2024-12-06T00:01:13","modified_gmt":"2024-12-06T00:01:13","slug":"turtle-tapi-tuk","status":"publish","type":"product","link":"https:\/\/shop.jollyheap.com\/pl\/product\/turtle-tapi-tuk\/","title":{"rendered":"\u017b\u00f3\u0142w TAPI-TUK"},"content":{"rendered":"<p>\u017b\u00f3\u0142w <strong>TAPI-TUK<\/strong> \u2013 zawsze mo\u017ce ukry\u0107 si\u0119 w swojej skorupie, zach\u0119\u0107 go do wsp\u00f3lnej zabawy w chowanego.<\/p>\n<hr \/>\n<p>Wymy\u015blone przez nas JollyHeap to innowacyjne klocki oparte na kszta\u0142cie sze\u015bcianu, tr\u00f3jk\u0105ta, kt\u00f3re zawieraj\u0105 du\u017co magnes\u00f3w.<br \/>\nKolory \u0142\u0105cz\u0105 si\u0119 naprzemiennie zgodnie z polaryzacj\u0105 (+\/-). Dzi\u0119ki temu JollyHeap to jedyne klocki na \u015bwiecie, kt\u00f3re mo\u017cna \u0142\u0105czy\u0107 ze sob\u0105 ze wszystkich stron!<\/p>\n<hr \/>\n<p><strong>JollyHeap to wspania\u0142a zabawa, kt\u00f3ra pozwala na realizacj\u0119 swoich pomys\u0142\u00f3w rozszerzaj\u0105c horyzonty swojej fantazji.<\/strong><\/p>\n<hr \/>\n<p>Przy zam\u00f3wieniu powy\u017cej 2 kolor\u00f3w prosimy o kontakt telefoniczny lub mailowy<\/p>\n","protected":false},"excerpt":{"rendered":"<p>* Zdj\u0119cie zawiera przyk\u0142adow\u0105 konstrukcj\u0119 wykonan\u0105 z danej ilo\u015bci klock\u00f3w<\/p>\n<div id=\"gtx-trans\" style=\"position: absolute; left: 326px; top: 53.2642px;\">\n<div class=\"gtx-trans-icon\"><\/div>\n<\/div>\n","protected":false},"featured_media":4820,"comment_status":"closed","ping_status":"open","template":"","meta":{"_eb_attr":""},"product_brand":[],"product_cat":[131,236],"product_tag":[224],"class_list":{"0":"post-3482","1":"product","2":"type-product","3":"status-publish","4":"has-post-thumbnail","6":"product_cat-jolly-heap-pl","7":"product_cat-miekkie-bloki-konstrukcyjne","8":"product_tag-figures-pl","10":"first","11":"instock","12":"taxable","13":"shipping-taxable","14":"purchasable","15":"product-type-variable"},"_links":{"self":[{"href":"https:\/\/shop.jollyheap.com\/pl\/wp-json\/wp\/v2\/product\/3482","targetHints":{"allow":["GET"]}}],"collection":[{"href":"https:\/\/shop.jollyheap.com\/pl\/wp-json\/wp\/v2\/product"}],"about":[{"href":"https:\/\/shop.jollyheap.com\/pl\/wp-json\/wp\/v2\/types\/product"}],"replies":[{"embeddable":true,"href":"https:\/\/shop.jollyheap.com\/pl\/wp-json\/wp\/v2\/comments?post=3482"}],"wp:featuredmedia":[{"embeddable":true,"href":"https:\/\/shop.jollyheap.com\/pl\/wp-json\/wp\/v2\/media\/4820"}],"wp:attachment":[{"href":"https:\/\/shop.jollyheap.com\/pl\/wp-json\/wp\/v2\/media?parent=3482"}],"wp:term":[{"taxonomy":"product_brand","embeddable":true,"href":"https:\/\/shop.jollyheap.com\/pl\/wp-json\/wp\/v2\/product_brand?post=3482"},{"taxonomy":"product_cat","embeddable":true,"href":"https:\/\/shop.jollyheap.com\/pl\/wp-json\/wp\/v2\/product_cat?post=3482"},{"taxonomy":"product_tag","embeddable":true,"href":"https:\/\/shop.jollyheap.com\/pl\/wp-json\/wp\/v2\/product_tag?post=3482"}],"curies":[{"name":"wp","href":"https:\/\/api.w.org\/{rel}","templated":true}]}}