{"id":3606,"date":"2024-09-06T09:46:23","date_gmt":"2024-09-06T09:46:23","guid":{"rendered":"https:\/\/shop.jollyheap.com\/product\/robot-mega-bot\/"},"modified":"2024-12-06T00:01:12","modified_gmt":"2024-12-06T00:01:12","slug":"robot-mega-bot","status":"publish","type":"product","link":"https:\/\/shop.jollyheap.com\/pl\/product\/robot-mega-bot\/","title":{"rendered":"Mega Robot MEGA BOT"},"content":{"rendered":"<p>Mega Robot <strong>MEGA BOT<\/strong> \u2013 Mega Bot to Tw\u00f3j bohater, poka\u017c swoj\u0105 kreatywno\u015b\u0107.<\/p>\n<hr \/>\n<p>Wymy\u015blone przez nas JollyHeap to innowacyjne klocki oparte na kszta\u0142cie sze\u015bcianu, tr\u00f3jk\u0105ta, kt\u00f3re zawieraj\u0105 du\u017co magnes\u00f3w.<br \/>\nKolory \u0142\u0105cz\u0105 si\u0119 naprzemiennie zgodnie z polaryzacj\u0105 (+\/-). Dzi\u0119ki temu JollyHeap to jedyne klocki na \u015bwiecie, kt\u00f3re mo\u017cna \u0142\u0105czy\u0107 ze sob\u0105 ze wszystkich stron!<\/p>\n<hr \/>\n<p><strong>JollyHeap to wspania\u0142a zabawa, kt\u00f3ra pozwala na realizacj\u0119 swoich pomys\u0142\u00f3w rozszerzaj\u0105c horyzonty swojej fantazji.<\/strong><\/p>\n<hr \/>\n<p>Przy zam\u00f3wieniu powy\u017cej 2 kolor\u00f3w prosimy o kontakt telefoniczny lub mailowy<\/p>\n<div id=\"gtx-trans\" style=\"position: absolute; left: 172px; top: -15.9874px;\">\n<div class=\"gtx-trans-icon\"><\/div>\n<\/div>\n","protected":false},"excerpt":{"rendered":"<p>* Zdj\u0119cie zawiera przyk\u0142adow\u0105 konstrukcj\u0119 wykonan\u0105 z danej ilo\u015bci klock\u00f3w<\/p>\n<div id=\"gtx-trans\" style=\"position: absolute; left: 326px; top: 53.2642px;\">\n<div class=\"gtx-trans-icon\"><\/div>\n<\/div>\n","protected":false},"featured_media":4818,"comment_status":"closed","ping_status":"open","template":"","meta":{"_eb_attr":""},"product_brand":[],"product_cat":[],"product_tag":[],"class_list":{"0":"post-3606","1":"product","2":"type-product","3":"status-publish","4":"has-post-thumbnail","7":"first","8":"instock","9":"taxable","10":"shipping-taxable","11":"purchasable","12":"product-type-variable"},"_links":{"self":[{"href":"https:\/\/shop.jollyheap.com\/pl\/wp-json\/wp\/v2\/product\/3606","targetHints":{"allow":["GET"]}}],"collection":[{"href":"https:\/\/shop.jollyheap.com\/pl\/wp-json\/wp\/v2\/product"}],"about":[{"href":"https:\/\/shop.jollyheap.com\/pl\/wp-json\/wp\/v2\/types\/product"}],"replies":[{"embeddable":true,"href":"https:\/\/shop.jollyheap.com\/pl\/wp-json\/wp\/v2\/comments?post=3606"}],"wp:featuredmedia":[{"embeddable":true,"href":"https:\/\/shop.jollyheap.com\/pl\/wp-json\/wp\/v2\/media\/4818"}],"wp:attachment":[{"href":"https:\/\/shop.jollyheap.com\/pl\/wp-json\/wp\/v2\/media?parent=3606"}],"wp:term":[{"taxonomy":"product_brand","embeddable":true,"href":"https:\/\/shop.jollyheap.com\/pl\/wp-json\/wp\/v2\/product_brand?post=3606"},{"taxonomy":"product_cat","embeddable":true,"href":"https:\/\/shop.jollyheap.com\/pl\/wp-json\/wp\/v2\/product_cat?post=3606"},{"taxonomy":"product_tag","embeddable":true,"href":"https:\/\/shop.jollyheap.com\/pl\/wp-json\/wp\/v2\/product_tag?post=3606"}],"curies":[{"name":"wp","href":"https:\/\/api.w.org\/{rel}","templated":true}]}}