{"id":4148,"date":"2024-09-06T09:58:28","date_gmt":"2024-09-06T09:58:28","guid":{"rendered":"https:\/\/shop.jollyheap.com\/product\/mini-edukacyjna-miekka-zabawka\/"},"modified":"2026-02-17T00:04:53","modified_gmt":"2026-02-17T00:04:53","slug":"mini-edukacyjna-miekka-zabawka","status":"publish","type":"product","link":"https:\/\/shop.jollyheap.com\/pl\/product\/mini-edukacyjna-miekka-zabawka\/","title":{"rendered":"Zestaw MINI Mi\u0119kka zabawka edukacyjna &#8211; 24 magnetyczne klocki"},"content":{"rendered":"\n<div style=\"height:100px\" aria-hidden=\"true\" class=\"wp-block-spacer\"><\/div>\n\n\n\n<h4 class=\"wp-block-heading has-text-align-center\"><p>Mi\u0119kka zabawka edukacyjna&nbsp;<\/p><\/h4>\n\n\n\n<h2 class=\"wp-block-heading has-text-align-center\"><p>JOLLYHEAP PIXI SET<\/p><\/h2>\n\n\n\n<div style=\"height:80px\" aria-hidden=\"true\" class=\"wp-block-spacer\"><\/div>\n\n\n\n<figure class=\"wp-block-image aligncenter size-full\"><img decoding=\"async\" src=\"https:\/\/shop.jollyheap.com\/wp-content\/uploads\/2024\/03\/baner-1.jpg\" alt=\"\" class=\"wp-image-9413\"\/><\/figure>\n\n\n\n<div style=\"height:70px\" aria-hidden=\"true\" class=\"wp-block-spacer\"><\/div>\n\n\n\n<div class=\"wp-block-columns is-layout-flex wp-container-core-columns-is-layout-28f84493 wp-block-columns-is-layout-flex\">\n<div class=\"wp-block-column is-layout-flow wp-block-column-is-layout-flow\">\n<div class=\"wp-block-columns is-layout-flex wp-container-core-columns-is-layout-28f84493 wp-block-columns-is-layout-flex\">\n<div class=\"wp-block-column is-layout-flow wp-block-column-is-layout-flow\">\n<figure class=\"wp-block-image aligncenter size-thumbnail\"><img decoding=\"async\" src=\"https:\/\/shop.jollyheap.com\/wp-content\/uploads\/2024\/03\/ikony-cechy-02-150x150.png\" alt=\"<p&gt;Magnetyczne klocki<\/p&gt;\" class=\"wp-image-9109\"\/><\/figure>\n\n\n\n<h5 class=\"wp-block-heading has-text-align-center\"><p><strong>MAGNETYCZNE<\/strong><\/p><\/h5>\n\n\n\n<p class=\"has-text-align-center has-medium-font-size\"><p>24 magnesy w ka\u017cdym klocki i ponad 500 w tym zestawie!<\/p><\/p>\n<\/div>\n\n\n\n<div class=\"wp-block-column is-layout-flow wp-block-column-is-layout-flow\">\n<figure class=\"wp-block-image aligncenter size-thumbnail\"><img decoding=\"async\" src=\"https:\/\/shop.jollyheap.com\/wp-content\/uploads\/2024\/03\/ikony-cechy-03-150x150.png\" alt=\"<p&gt;mi\u0119kkie klocki<\/p&gt;\" class=\"wp-image-9111\"\/><\/figure>\n\n\n\n<h5 class=\"wp-block-heading has-text-align-center\"><p><strong>MI\u0118KKIE<\/strong><\/p><\/h5>\n\n\n\n<p class=\"has-text-align-center has-medium-font-size\"><p>Spr\u0119\u017cysta pianka HR, zawsze wraca do formy<\/p><\/p>\n<\/div>\n<\/div>\n<\/div>\n\n\n\n<div class=\"wp-block-column is-layout-flow wp-block-column-is-layout-flow\">\n<div class=\"wp-block-columns is-layout-flex wp-container-core-columns-is-layout-28f84493 wp-block-columns-is-layout-flex\">\n<div class=\"wp-block-column is-layout-flow wp-block-column-is-layout-flow\">\n<figure class=\"wp-block-image aligncenter size-thumbnail\"><img decoding=\"async\" src=\"https:\/\/shop.jollyheap.com\/wp-content\/uploads\/2024\/03\/ikony-cechy-1-150x150.png\" alt=\"<p&gt;zabawka robiona r\u0119cznie<\/p&gt;\" class=\"wp-image-9107\"\/><\/figure>\n\n\n\n<h5 class=\"wp-block-heading has-text-align-center\"><p><strong>R\u0118CZNIE SZYTE<\/strong><\/p><\/h5>\n\n\n\n<p class=\"has-text-align-center has-medium-font-size\"><p>Silny szew zabezpiecza przed dostaniem si\u0119 do wn\u0119trza<\/p><\/p>\n<\/div>\n\n\n\n<div class=\"wp-block-column is-layout-flow wp-block-column-is-layout-flow\" style=\"padding-top:0;padding-right:0;padding-bottom:0;padding-left:0\">\n<figure class=\"wp-block-image aligncenter size-thumbnail\"><img decoding=\"async\" src=\"https:\/\/shop.jollyheap.com\/wp-content\/uploads\/2024\/03\/ikony-cechy-04-150x150.png\" alt=\"<p&gt;bezpieczna i trwa\u0142a zabawka<\/p&gt;\" class=\"wp-image-9113\"\/><\/figure>\n\n\n\n<h5 class=\"wp-block-heading has-text-align-center\"><p><strong>WYTRZYMA\u0141E<\/strong><\/p><\/h5>\n\n\n\n<p class=\"has-text-align-center has-medium-font-size\"><p>Tkanina jest wytrzyma\u0142a i odporna na tarcie. Nie zawiera szkodliwych dla zdrowia substancji.<\/p><\/p>\n<\/div>\n<\/div>\n<\/div>\n<\/div>\n\n\n\n<div style=\"height:50px\" aria-hidden=\"true\" class=\"wp-block-spacer\"><\/div>\n\n\n\n<div class=\"wp-block-columns is-layout-flex wp-container-core-columns-is-layout-d7d455e7 wp-block-columns-is-layout-flex\" style=\"padding-top:0;padding-right:0;padding-bottom:0;padding-left:0\">\n<div class=\"wp-block-column is-vertically-aligned-top is-layout-flow wp-block-column-is-layout-flow\" style=\"flex-basis:35%\">\n<figure class=\"wp-block-image aligncenter size-large\"><img decoding=\"async\" src=\"https:\/\/shop.jollyheap.com\/wp-content\/uploads\/2024\/03\/giirl-1024x1024.jpg\" alt=\"\" class=\"wp-image-9415\"\/><\/figure>\n<\/div>\n\n\n\n<div class=\"wp-block-column is-vertically-aligned-center is-layout-flow wp-block-column-is-layout-flow\" style=\"flex-basis:65%\">\n<div style=\"height:10px\" aria-hidden=\"true\" class=\"wp-block-spacer\"><\/div>\n\n\n\n<h4 class=\"wp-block-heading\"><p><strong>Rozwijaj\u0105ca mi\u0119kka zabawka dla maluch\u00f3w i przedszkolak\u00f3w<\/strong><\/p><\/h4>\n\n\n\n<p class=\"has-medium-font-size\"><p>Ten zestaw jest doskona\u0142y do rozpocz\u0119cia przygody z klockami JollyHeap. Zalecany dla najm\u0142odszych dzieci, kt\u00f3re lubi\u0105 swobodne budowanie i demonta\u017c klock\u00f3w. Maluchy w tym wieku s\u0105 niezwykle aktywne i ciekawe \u015bwiata. Klocki JollyHeap rozwijaj\u0105 umiej\u0119tno\u015b\u0107 my\u015blenia analitycznego i syntezy percepcyjnej, co stanowi bardzo wa\u017cny element w rozwoju dzieci w tym wieku. W przysz\u0142o\u015bci zawsze mo\u017cna rozbudowa\u0107 zestaw o wi\u0119cej klock\u00f3w.<\/p><\/p>\n<\/div>\n<\/div>\n\n\n\n<div style=\"height:30px\" aria-hidden=\"true\" class=\"wp-block-spacer\"><\/div>\n\n\n\n<div class=\"wp-block-columns are-vertically-aligned-center is-not-stacked-on-mobile is-layout-flex wp-container-core-columns-is-layout-d7d455e7 wp-block-columns-is-layout-flex\" style=\"padding-top:0;padding-right:0;padding-bottom:0;padding-left:0\">\n<div class=\"wp-block-column is-vertically-aligned-center is-layout-flow wp-block-column-is-layout-flow\" style=\"flex-basis:20%\">\n<figure class=\"wp-block-image aligncenter size-thumbnail mb-0\"><img decoding=\"async\" src=\"https:\/\/shop.jollyheap.com\/wp-content\/uploads\/2024\/03\/ikobasic-02-150x150.png\" alt=\"<p&gt;<br data-mce-bogus=&quot;1&quot;&gt;<\/p&gt;\" class=\"wp-image-8812\"\/><\/figure>\n<\/div>\n\n\n\n<div class=\"wp-block-column is-vertically-aligned-center is-layout-flow wp-block-column-is-layout-flow\" style=\"flex-basis:80%\">\n<div style=\"height:10px\" aria-hidden=\"true\" class=\"wp-block-spacer\"><\/div>\n\n\n\n<h4 class=\"wp-block-heading\"><p><strong>Zabawa. Terapia. Rozw\u00f3j<\/strong><\/p><\/h4>\n\n\n\n<p class=\"has-medium-font-size\"><p>Klocki JollyHeap to wielofunkcyjna zabawka, kt\u00f3ra bawi, uczy, rozwija zdolno\u015bci motoryczne, a tak\u017ce umo\u017cliwia prac\u0119 z dzie\u0107mi ze specjalnymi potrzebami. S\u0105 odpowiednie dla plac\u00f3w zabaw, szk\u00f3\u0142, przedszkoli, \u017c\u0142obk\u00f3w i pokoj\u00f3w dzieci\u0119cych.<\/p><\/p>\n<\/div>\n<\/div>\n\n\n\n<div style=\"height:40px\" aria-hidden=\"true\" class=\"wp-block-spacer\"><\/div>\n\n\n\n<figure class=\"wp-block-image size-full\"><img decoding=\"async\" src=\"https:\/\/shop.jollyheap.com\/wp-content\/uploads\/2024\/03\/fala.png\" alt=\"\" class=\"wp-image-8643\"\/><\/figure>\n\n\n\n<div class=\"wp-block-columns are-vertically-aligned-center is-layout-flex wp-container-core-columns-is-layout-d7d455e7 wp-block-columns-is-layout-flex\" style=\"padding-top:0;padding-right:0;padding-bottom:0;padding-left:0\">\n<div class=\"wp-block-column is-vertically-aligned-center is-layout-flow wp-block-column-is-layout-flow\" style=\"flex-basis:35%\">\n<figure class=\"wp-block-image aligncenter size-full\"><img decoding=\"async\" src=\"https:\/\/shop.jollyheap.com\/wp-content\/uploads\/2024\/03\/heaven2.jpg\" alt=\"\" class=\"wp-image-9442\"\/><\/figure>\n<\/div>\n\n\n\n<div class=\"wp-block-column is-vertically-aligned-center is-layout-flow wp-block-column-is-layout-flow\" style=\"flex-basis:65%\">\n<div style=\"height:10px\" aria-hidden=\"true\" class=\"wp-block-spacer\"><\/div>\n\n\n\n<h4 class=\"wp-block-heading\"><p><strong>\u0106wiczenia z uchwytem i koordynacj\u0105 wzrokowo-r\u0119czn\u0105. Rozwija wyobra\u017ani\u0119 w zakresie zjawisk fizycznych, takich jak si\u0142a, ci\u015bnienie i magnetyzm.<\/strong><\/p><\/h4>\n\n\n\n<p class=\"has-medium-font-size\"><p>Klocki budowlane JollyHeap oferuj\u0105 wi\u0119cej ni\u017c tylko rozrywk\u0119 &#8211; stanowi\u0105 dynamiczn\u0105 platform\u0119, na kt\u00f3rej dzieci mog\u0105 doskonali\u0107 swoje umiej\u0119tno\u015bci motoryczne i rozwija\u0107 swoj\u0105 kreatywno\u015b\u0107.<\/p><p>Dzi\u0119ki tym wszechstronnym klockom dzieci mog\u0105 doskonali\u0107 chwytanie i poprawi\u0107 koordynacj\u0119 wzrokowo-r\u0119czn\u0105 poprzez manipulacj\u0119 r\u00f3\u017cnymi kszta\u0142tami i rozmiarami.<\/p><\/p>\n<\/div>\n<\/div>\n\n\n\n<div style=\"height:30px\" aria-hidden=\"true\" class=\"wp-block-spacer\"><\/div>\n\n\n\n<div class=\"wp-block-columns are-vertically-aligned-center is-not-stacked-on-mobile is-layout-flex wp-container-core-columns-is-layout-d7d455e7 wp-block-columns-is-layout-flex\" style=\"padding-top:0;padding-right:0;padding-bottom:0;padding-left:0\">\n<div class=\"wp-block-column is-vertically-aligned-center is-layout-flow wp-block-column-is-layout-flow\" style=\"flex-basis:20%\">\n<figure class=\"wp-block-image aligncenter size-thumbnail mb-0\"><img decoding=\"async\" src=\"https:\/\/shop.jollyheap.com\/wp-content\/uploads\/2024\/03\/ikobasic-05-150x150.png\" alt=\"<p&gt;<br data-mce-bogus=&quot;1&quot;&gt;<\/p&gt;\" class=\"wp-image-9168\"\/><\/figure>\n<\/div>\n\n\n\n<div class=\"wp-block-column is-vertically-aligned-center is-layout-flow wp-block-column-is-layout-flow\" style=\"flex-basis:80%\">\n<div style=\"height:10px\" aria-hidden=\"true\" class=\"wp-block-spacer\"><\/div>\n\n\n\n<h4 class=\"wp-block-heading\"><strong>Przyk\u0142adowe budowle, kt\u00f3re zbudujesz z tym zestawem.<\/strong><\/h4>\n\n\n\n<p class=\"has-medium-font-size\"><\/p>\n<\/div>\n<\/div>\n\n\n\n<div class=\"wp-block-columns is-not-stacked-on-mobile is-layout-flex wp-container-core-columns-is-layout-28f84493 wp-block-columns-is-layout-flex\">\n<div class=\"wp-block-column is-layout-flow wp-block-column-is-layout-flow\">\n<div class=\"wp-block-columns is-layout-flex wp-container-core-columns-is-layout-28f84493 wp-block-columns-is-layout-flex\">\n<div class=\"wp-block-column is-layout-flow wp-block-column-is-layout-flow\">\n<figure class=\"wp-block-image aligncenter size-full\"><img decoding=\"async\" src=\"https:\/\/shop.jollyheap.com\/wp-content\/uploads\/2024\/03\/mini-tank.jpg\" alt=\"\" class=\"wp-image-9450\"\/><\/figure>\n<\/div>\n\n\n\n<div class=\"wp-block-column is-layout-flow wp-block-column-is-layout-flow\">\n<figure class=\"wp-block-image aligncenter size-full\"><img decoding=\"async\" src=\"https:\/\/shop.jollyheap.com\/wp-content\/uploads\/2024\/03\/jezyk.jpg\" alt=\"\" class=\"wp-image-9452\"\/><\/figure>\n<\/div>\n<\/div>\n<\/div>\n\n\n\n<div class=\"wp-block-column is-layout-flow wp-block-column-is-layout-flow\">\n<div class=\"wp-block-columns are-vertically-aligned-center is-layout-flex wp-container-core-columns-is-layout-88c2d794 wp-block-columns-is-layout-flex\" style=\"padding-top:var(--wp--preset--spacing--20);padding-right:0\">\n<div class=\"wp-block-column is-vertically-aligned-center is-layout-flow wp-block-column-is-layout-flow\" style=\"padding-top:var(--wp--preset--spacing--50);padding-right:var(--wp--preset--spacing--50);padding-bottom:var(--wp--preset--spacing--50);padding-left:var(--wp--preset--spacing--50)\">\n<figure class=\"wp-block-image size-full\"><img decoding=\"async\" src=\"https:\/\/shop.jollyheap.com\/wp-content\/uploads\/2024\/03\/gorilla_1.jpg\" alt=\"\" class=\"wp-image-9454\"\/><\/figure>\n<\/div>\n\n\n\n<div class=\"wp-block-column is-vertically-aligned-center is-layout-flow wp-block-column-is-layout-flow\" style=\"padding-top:var(--wp--preset--spacing--30)\">\n<figure class=\"wp-block-image aligncenter size-full\"><img decoding=\"async\" src=\"https:\/\/shop.jollyheap.com\/wp-content\/uploads\/2024\/03\/bot-tentacle.jpg\" alt=\"\" class=\"wp-image-9456\"\/><\/figure>\n<\/div>\n<\/div>\n<\/div>\n<\/div>\n\n\n\n<div class=\"wp-block-columns is-not-stacked-on-mobile is-layout-flex wp-container-core-columns-is-layout-28f84493 wp-block-columns-is-layout-flex\">\n<div class=\"wp-block-column is-layout-flow wp-block-column-is-layout-flow\">\n<div class=\"wp-block-columns is-layout-flex wp-container-core-columns-is-layout-28f84493 wp-block-columns-is-layout-flex\">\n<div class=\"wp-block-column is-layout-flow wp-block-column-is-layout-flow\">\n<figure class=\"wp-block-image size-full\"><img decoding=\"async\" src=\"https:\/\/shop.jollyheap.com\/wp-content\/uploads\/2024\/03\/rekin.jpg\" alt=\"\" class=\"wp-image-9458\"\/><\/figure>\n<\/div>\n\n\n\n<div class=\"wp-block-column is-layout-flow wp-block-column-is-layout-flow\">\n<figure class=\"wp-block-image size-full\"><img decoding=\"async\" src=\"https:\/\/shop.jollyheap.com\/wp-content\/uploads\/2024\/03\/lizzard.jpg\" alt=\"\" class=\"wp-image-9460\"\/><\/figure>\n<\/div>\n<\/div>\n<\/div>\n\n\n\n<div class=\"wp-block-column is-layout-flow wp-block-column-is-layout-flow\">\n<div class=\"wp-block-columns is-layout-flex wp-container-core-columns-is-layout-28f84493 wp-block-columns-is-layout-flex\">\n<div class=\"wp-block-column is-layout-flow wp-block-column-is-layout-flow\">\n<figure class=\"wp-block-image size-full\"><img decoding=\"async\" src=\"https:\/\/shop.jollyheap.com\/wp-content\/uploads\/2024\/03\/fish.jpg\" alt=\"\" class=\"wp-image-9462\"\/><\/figure>\n<\/div>\n\n\n\n<div class=\"wp-block-column is-layout-flow wp-block-column-is-layout-flow\">\n<figure class=\"wp-block-image size-full\"><img decoding=\"async\" src=\"https:\/\/shop.jollyheap.com\/wp-content\/uploads\/2024\/03\/whale.jpg\" alt=\"\" class=\"wp-image-9464\"\/><\/figure>\n<\/div>\n<\/div>\n<\/div>\n<\/div>\n\n\n\n<div style=\"height:30px\" aria-hidden=\"true\" class=\"wp-block-spacer\"><\/div>\n\n\n\n<figure class=\"wp-block-image size-full\"><img decoding=\"async\" src=\"https:\/\/shop.jollyheap.com\/wp-content\/uploads\/2024\/03\/fala.png\" alt=\"\" class=\"wp-image-8643\"\/><\/figure>\n\n\n\n<div class=\"wp-block-columns are-vertically-aligned-center is-layout-flex wp-container-core-columns-is-layout-28f84493 wp-block-columns-is-layout-flex\">\n<div class=\"wp-block-column is-vertically-aligned-center is-layout-flow wp-block-column-is-layout-flow\" style=\"flex-basis:33.33%\">\n<figure class=\"wp-block-image size-full\"><img decoding=\"async\" src=\"https:\/\/shop.jollyheap.com\/wp-content\/uploads\/2024\/03\/developement.jpg\" alt=\"girls manipulating blocks in nursery\" class=\"wp-image-8519\"\/><\/figure>\n<\/div>\n\n\n\n<div class=\"wp-block-column is-vertically-aligned-center is-layout-flow wp-block-column-is-layout-flow\" style=\"flex-basis:66.66%\">\n<h2 class=\"wp-block-heading has-text-color\" style=\"color:#0099f1\">Skoncentruj si\u0119 na rozwoju wykorzystuj\u0105c metodologi\u0119 STEAM i Montessori.<\/h2>\n\n\n\n<p><strong>1. Rozwijanie umiej\u0119tno\u015bci in\u017cynieryjnych.<\/strong>\nBudowanie z mi\u0119kkimi klockami JollyHeap rozwija wa\u017cne umiej\u0119tno\u015bci in\u017cynieryjne u dzieci. Ucz\u0105 si\u0119 one o r\u00f3wnowadze, stabilno\u015bci i koncepcji rozk\u0142adu ci\u0119\u017caru. Mog\u0105 eksperymentowa\u0107 z r\u00f3\u017cnymi projektami, uk\u0142adaj\u0105c klocki na stosy, tworz\u0105c mosty lub unikalne kszta\u0142ty geometryczne. Te procesy anga\u017cuj\u0105 dzieci w rozwi\u0105zywanie problem\u00f3w i rozwijaj\u0105 umiej\u0119tno\u015bci krytycznego my\u015blenia.<\/p>\n\n\n\n<p class=\"has-medium-font-size\"><p><br data-mce-bogus=\"1\"\/><\/p><\/p>\n<\/div>\n<\/div>\n\n\n\n<div class=\"wp-block-columns is-not-stacked-on-mobile is-layout-flex wp-container-core-columns-is-layout-28f84493 wp-block-columns-is-layout-flex\">\n<div class=\"wp-block-column is-layout-flow wp-block-column-is-layout-flow\">\n<figure class=\"wp-block-image size-full\"><img decoding=\"async\" src=\"https:\/\/shop.jollyheap.com\/wp-content\/uploads\/2024\/03\/dletters.jpg\" alt=\"<p&gt;<br data-mce-bogus=&quot;1&quot;&gt;<\/p&gt;\" class=\"wp-image-8555\"\/><\/figure>\n<\/div>\n\n\n\n<div class=\"wp-block-column is-layout-flow wp-block-column-is-layout-flow\">\n<figure class=\"wp-block-image size-full\"><img decoding=\"async\" src=\"https:\/\/shop.jollyheap.com\/wp-content\/uploads\/2024\/03\/drocket.jpg\" alt=\"<p&gt;<br data-mce-bogus=&quot;1&quot;&gt;<\/p&gt;\" class=\"wp-image-8557\"\/><\/figure>\n<\/div>\n\n\n\n<div class=\"wp-block-column is-layout-flow wp-block-column-is-layout-flow\" style=\"padding-top:0;padding-right:0;padding-bottom:0;padding-left:0\">\n<figure class=\"wp-block-image size-full\"><img decoding=\"async\" src=\"https:\/\/shop.jollyheap.com\/wp-content\/uploads\/2024\/03\/dlogic.jpg\" alt=\"<p&gt;<br data-mce-bogus=&quot;1&quot;&gt;<\/p&gt;\" class=\"wp-image-8559\"\/><\/figure>\n<\/div>\n<\/div>\n\n\n\n<div style=\"height:30px\" aria-hidden=\"true\" class=\"wp-block-spacer\"><\/div>\n\n\n\n<figure class=\"wp-block-image size-full\"><img decoding=\"async\" src=\"https:\/\/shop.jollyheap.com\/wp-content\/uploads\/2024\/03\/fala.png\" alt=\"\" class=\"wp-image-8643\"\/><\/figure>\n\n\n\n<div class=\"wp-block-columns has-background is-layout-flex wp-container-core-columns-is-layout-d7d455e7 wp-block-columns-is-layout-flex\" style=\"background-color:#7bdbb500;padding-top:0;padding-right:0;padding-bottom:0;padding-left:0\">\n<div class=\"wp-block-column is-layout-flow wp-block-column-is-layout-flow\" style=\"flex-basis:33.33%\">\n<figure class=\"wp-block-image size-full is-resized is-style-rounded\"><img decoding=\"async\" src=\"https:\/\/shop.jollyheap.com\/wp-content\/uploads\/2024\/03\/bobas.jpg\" alt=\"<p&gt;<br data-mce-bogus=&quot;1&quot;&gt;<\/p&gt;\" class=\"wp-image-8614\" style=\"width:744px\"\/><\/figure>\n<\/div>\n\n\n\n<div class=\"wp-block-column is-vertically-aligned-center is-layout-flow wp-block-column-is-layout-flow\" style=\"padding-top:0;flex-basis:60%\">\n<h4 class=\"wp-block-heading has-black-color has-text-color has-large-font-size\"><strong>Klocki JollyHeap s\u0105 w pe\u0142ni bezpieczne i posiadaj\u0105 niezb\u0119dne certyfkaty<\/strong><\/h4>\n\n\n\n<p class=\"has-black-color has-text-color\">Wiemy, \u017ce czasami dzieci mog\u0105 by\u0107 nieostro\u017cne z zabawkami. Dlatego zaprojektowali\u015bmy nasz\u0105 zabawk\u0119 tak, aby radzi\u0142a sobie w takich sytuacjach, i przetestowali\u015bmy jej wytrzyma\u0142o\u015b\u0107 mechaniczn\u0105 na sto r\u00f3\u017cnych sposob\u00f3w.<\/p>\n\n\n\n<p class=\"has-black-color has-text-color\">Klocki JollyHeap s\u0105 produkowane w Polsce z u\u017cyciem wysokiej jako\u015bci materia\u0142\u00f3w. Ka\u017cdy klocek jest r\u0119cznie szyty, co zapewnia, \u017ce nawet najbardziej zdeterminowany &#8222;eksplorator&#8221; nie jest w stanie ich rozerwa\u0107.<\/p>\n<\/div>\n<\/div>\n\n\n\n<div style=\"height:101px\" aria-hidden=\"true\" class=\"wp-block-spacer\"><\/div>\n\n\n\n<div class=\"wp-block-columns is-not-stacked-on-mobile has-background is-layout-flex wp-container-core-columns-is-layout-28f84493 wp-block-columns-is-layout-flex\" style=\"background-color:#f3f3f3\">\n<div class=\"wp-block-column is-vertically-aligned-center is-layout-flow wp-block-column-is-layout-flow\" style=\"flex-basis:20%\">\n<figure class=\"wp-block-image aligncenter size-medium\"><img decoding=\"async\" src=\"https:\/\/shop.jollyheap.com\/wp-content\/uploads\/2024\/03\/iko-yellow-03-300x300.png\" alt=\"\" class=\"wp-image-8639\"\/><\/figure>\n<\/div>\n\n\n\n<div class=\"wp-block-column is-vertically-aligned-center is-layout-flow wp-block-column-is-layout-flow\" style=\"flex-basis:85%\">\n<h6 class=\"wp-block-heading has-large-font-size\">Produkowane w Polsce i certyfikowane<\/h6>\n\n\n\n<p>Klocki spe\u0142niaj\u0105 standardy bezpiecze\u0144stwa: EN 71-1, EN 71-2, EN 71-3 oraz REACH.\n\nTe standardy zapewniaj\u0105 zgodno\u015b\u0107 z wymaganiami bezpiecze\u0144stwa dotycz\u0105cymi w\u0142a\u015bciwo\u015bci mechanicznych i fizycznych, palno\u015bci oraz migracji okre\u015blonych element\u00f3w, co gwarantuje bezpiecze\u0144stwo produktu dla dzieci.<\/p>\n<\/div>\n<\/div>\n\n\n\n<div class=\"wp-block-columns is-not-stacked-on-mobile has-luminous-vivid-amber-background-color has-background is-layout-flex wp-container-core-columns-is-layout-28f84493 wp-block-columns-is-layout-flex\">\n<div class=\"wp-block-column is-vertically-aligned-center is-layout-flow wp-block-column-is-layout-flow\" style=\"flex-basis:20%\">\n<figure class=\"wp-block-image aligncenter size-medium\"><img decoding=\"async\" src=\"https:\/\/shop.jollyheap.com\/wp-content\/uploads\/2024\/03\/ikona-03-300x300.png\" alt=\"\" class=\"wp-image-8606\"\/><\/figure>\n<\/div>\n\n\n\n<div class=\"wp-block-column is-vertically-aligned-center is-layout-flow wp-block-column-is-layout-flow\" style=\"flex-basis:85%\">\n<h6 class=\"wp-block-heading has-black-color has-text-color has-large-font-size\">Klocki s\u0105 \u0142atwe w czysczeniu<\/h6>\n\n\n\n<p class=\"has-black-color has-text-color\">Nie martw si\u0119 o brud i kurz. Nasze klocki budowlane mo\u017cna pra\u0107 w pralce na programie o temperaturze 30 stopni.<\/p>\n<\/div>\n<\/div>\n\n\n\n<div style=\"height:100px\" aria-hidden=\"true\" class=\"wp-block-spacer\"><\/div>\n\n\n\n<figure class=\"wp-block-image size-full\"><img decoding=\"async\" src=\"https:\/\/shop.jollyheap.com\/wp-content\/uploads\/2024\/03\/fala.png\" alt=\"\" class=\"wp-image-8643\"\/><\/figure>\n\n\n\n<div class=\"wp-block-columns is-layout-flex wp-container-core-columns-is-layout-28f84493 wp-block-columns-is-layout-flex\">\n<div class=\"wp-block-column is-vertically-aligned-center is-layout-flow wp-block-column-is-layout-flow\" style=\"flex-basis:33.33%\">\n<figure class=\"wp-block-image aligncenter size-medium is-style-rounded\"><img decoding=\"async\" src=\"https:\/\/shop.jollyheap.com\/wp-content\/uploads\/2024\/03\/rafal-krolak2-180x300.png\" alt=\"\" class=\"wp-image-8499\"\/><\/figure>\n<\/div>\n\n\n\n<div class=\"wp-block-column is-layout-flow wp-block-column-is-layout-flow\" style=\"flex-basis:66.66%\">\n<h4 class=\"wp-block-heading has-text-color has-large-font-size\" style=\"color:#00ab89\"><strong>Opinie fizjoterapeut\u00f3w<\/strong><\/h4>\n\n\n\n<p class=\"has-black-color has-text-color\">Rafal Krolak<\/p>\n\n\n\n<p class=\"has-text-align-left has-black-color has-text-color has-background has-normal-font-size\" style=\"background-color:#f4f4f4;font-style:normal;font-weight:500\"><em>Na klocki JollyHeap dzieci reaguj\u0105 bardzo entuzjastycznie, a pe\u0142en wyzwa\u0144 trening traktuj\u0105 jak \u015bwietn\u0105 zabaw\u0119. Najch\u0119tniej stosuje je podczas terapii dzieci z niepe\u0142nosprawno\u015bci\u0105 intelektualn\u0105, poniewa\u017c klocki s\u0105 przyjemne \u2028w dotyku i mi\u0119kkie, dzieci nie maja przed nimi \u017cadnych obaw. Wykorzystuje je jako materac, st\u00f3\u0142 do fizjoterapii, tory przeszk\u00f3d, \u015bcie\u017cki do treningu r\u00f3wnowagi, drabinki koordynacyjne, zje\u017cd\u017calnie i pochylnie, ci\u0119\u017carki, stepery o r\u00f3\u017cnej wysoko\u015bci, a nawet jako wa\u0142ek. Ju\u017c samo budowanie tych obiekt\u00f3w z klock\u00f3w JollyHeap rozwija integracj\u0119 sensoryczn\u0105, koordynacj\u0119, koncentracj\u0119 i uwag\u0119 dziecka.<\/em><\/p>\n<\/div>\n<\/div>\n\n\n\n<div class=\"wp-block-columns is-layout-flex wp-container-core-columns-is-layout-28f84493 wp-block-columns-is-layout-flex\">\n<div class=\"wp-block-column is-vertically-aligned-center is-layout-flow wp-block-column-is-layout-flow\" style=\"flex-basis:33.33%\">\n<figure class=\"wp-block-image aligncenter size-medium is-style-rounded\"><img decoding=\"async\" src=\"https:\/\/shop.jollyheap.com\/wp-content\/uploads\/2024\/03\/zawitkowski-279x300.jpg\" alt=\"\" class=\"wp-image-8632\"\/><\/figure>\n<\/div>\n\n\n\n<div class=\"wp-block-column is-vertically-aligned-center is-layout-flow wp-block-column-is-layout-flow\" style=\"flex-basis:66.66%\">\n<p><p><br data-mce-bogus=\"1\"\/><\/p><\/p>\n\n\n\n<p class=\"has-text-align-left has-black-color has-text-color has-background has-normal-font-size\" style=\"background-color:#f4f4f4;font-style:normal;font-weight:500\"><em>Klocki JollyHeap, dzi\u0119ki prostej formie i uniwersalnym kszta\u0142tom, daj\u0105 mo\u017cliwo\u015b\u0107 nieograniczonego w czasie i przestrzeni modyfikowania miejsca do pracy, terapii, odpoczynku i zabawy \u2013 ca\u0142ego otoczenia dziecka. Dzi\u0119ki mo\u017cliwo\u015bci kszta\u0142towania odpowiednich p\u0142aszczyzn, wymiar\u00f3w i kszta\u0142t\u00f3w konstrukcji, jeste\u015bmy w stanie dostosowa\u0107 je do indywidualnych ogranicze\u0144 i dysfunkcji dziecka.<\/em><\/p>\n<\/div>\n<\/div>\n","protected":false},"excerpt":{"rendered":"<p>* Zdj\u0119cie zawiera przyk\u0142adow\u0105 konstrukcj\u0119 wykonan\u0105 z danej ilo\u015bci klock\u00f3w<\/p>\n<div id=\"gtx-trans\" style=\"position: absolute; left: 326px; top: 53.2642px;\">\n<div class=\"gtx-trans-icon\">\u00a0<\/div>\n<\/div>\n","protected":false},"featured_media":532,"comment_status":"closed","ping_status":"closed","template":"","meta":{"_eb_attr":""},"product_brand":[],"product_cat":[131,236,237],"product_tag":[223],"class_list":{"0":"post-4148","1":"product","2":"type-product","3":"status-publish","4":"has-post-thumbnail","6":"product_cat-jolly-heap-pl","7":"product_cat-miekkie-bloki-konstrukcyjne","8":"product_cat-miekkie-klocki-dla-niemowlat","9":"product_tag-popular-pl","11":"first","12":"instock","13":"taxable","14":"shipping-taxable","15":"purchasable","16":"product-type-variable"},"_links":{"self":[{"href":"https:\/\/shop.jollyheap.com\/pl\/wp-json\/wp\/v2\/product\/4148","targetHints":{"allow":["GET"]}}],"collection":[{"href":"https:\/\/shop.jollyheap.com\/pl\/wp-json\/wp\/v2\/product"}],"about":[{"href":"https:\/\/shop.jollyheap.com\/pl\/wp-json\/wp\/v2\/types\/product"}],"replies":[{"embeddable":true,"href":"https:\/\/shop.jollyheap.com\/pl\/wp-json\/wp\/v2\/comments?post=4148"}],"wp:featuredmedia":[{"embeddable":true,"href":"https:\/\/shop.jollyheap.com\/pl\/wp-json\/wp\/v2\/media\/532"}],"wp:attachment":[{"href":"https:\/\/shop.jollyheap.com\/pl\/wp-json\/wp\/v2\/media?parent=4148"}],"wp:term":[{"taxonomy":"product_brand","embeddable":true,"href":"https:\/\/shop.jollyheap.com\/pl\/wp-json\/wp\/v2\/product_brand?post=4148"},{"taxonomy":"product_cat","embeddable":true,"href":"https:\/\/shop.jollyheap.com\/pl\/wp-json\/wp\/v2\/product_cat?post=4148"},{"taxonomy":"product_tag","embeddable":true,"href":"https:\/\/shop.jollyheap.com\/pl\/wp-json\/wp\/v2\/product_tag?post=4148"}],"curies":[{"name":"wp","href":"https:\/\/api.w.org\/{rel}","templated":true}]}}