{"id":5728,"date":"2025-12-15T09:14:37","date_gmt":"2025-12-15T09:14:37","guid":{"rendered":"https:\/\/shop.jollyheap.com\/product\/playpack-cover-pokrowiec-do-przechowywania-do-100-klockow\/"},"modified":"2025-12-15T11:00:15","modified_gmt":"2025-12-15T11:00:15","slug":"playpack-cover-pokrowiec-do-przechowywania-do-100-klockow","status":"publish","type":"product","link":"https:\/\/shop.jollyheap.com\/pl\/product\/playpack-cover-pokrowiec-do-przechowywania-do-100-klockow\/","title":{"rendered":"Play&amp;Pack Cover \u2013 pokrowiec do przechowywania (do 100 klock\u00f3w)"},"content":{"rendered":"\n<div class=\"wp-block-columns is-layout-flex wp-container-core-columns-is-layout-28f84493 wp-block-columns-is-layout-flex\">\n<div class=\"wp-block-column is-layout-flow wp-block-column-is-layout-flow\" style=\"flex-basis:40%\">\n<figure class=\"wp-block-image aligncenter size-large is-resized\"><img loading=\"lazy\" decoding=\"async\" width=\"1024\" height=\"1024\" src=\"https:\/\/shop.jollyheap.com\/wp-content\/uploads\/2025\/12\/playnpack3_1500-1024x1024.jpg\" alt=\"\" class=\"wp-image-5711\" style=\"width:448px;height:auto\" srcset=\"https:\/\/shop.jollyheap.com\/wp-content\/uploads\/2025\/12\/playnpack3_1500-1024x1024.jpg 1024w, https:\/\/shop.jollyheap.com\/wp-content\/uploads\/2025\/12\/playnpack3_1500-300x300.jpg 300w, https:\/\/shop.jollyheap.com\/wp-content\/uploads\/2025\/12\/playnpack3_1500-150x150.jpg 150w, https:\/\/shop.jollyheap.com\/wp-content\/uploads\/2025\/12\/playnpack3_1500-768x768.jpg 768w, https:\/\/shop.jollyheap.com\/wp-content\/uploads\/2025\/12\/playnpack3_1500-990x990.jpg 990w, https:\/\/shop.jollyheap.com\/wp-content\/uploads\/2025\/12\/playnpack3_1500-441x441.jpg 441w, https:\/\/shop.jollyheap.com\/wp-content\/uploads\/2025\/12\/playnpack3_1500-100x100.jpg 100w, https:\/\/shop.jollyheap.com\/wp-content\/uploads\/2025\/12\/playnpack3_1500-500x500.jpg 500w, https:\/\/shop.jollyheap.com\/wp-content\/uploads\/2025\/12\/playnpack3_1500-1000x1000.jpg 1000w, https:\/\/shop.jollyheap.com\/wp-content\/uploads\/2025\/12\/playnpack3_1500.jpg 1500w\" sizes=\"auto, (max-width: 1024px) 100vw, 1024px\" \/><\/figure>\n<\/div>\n\n\n\n<div class=\"wp-block-column is-vertically-aligned-center is-layout-flow wp-block-column-is-layout-flow\" style=\"flex-basis:60%\">\n<p class=\"has-text-align-left\">Play&amp;Pack Cover to funkcjonalny i elegancki spos\u00f3b na przechowywanie klock\u00f3w JollyHeap. Uszyty z trwa\u0142ej, \u0142atwej do utrzymania w czysto\u015bci tkaniny, sprawdzi si\u0119 zar\u00f3wno w salach zabaw, jak i w przestrzeniach edukacyjnych oraz terapeutycznych. <\/p>\n<\/div>\n<\/div>\n\n<p>Pokrowiec posiada solidny zamek umieszczony w g\u00f3rnej cz\u0119\u015bci, dzi\u0119ki czemu pomie\u015bci do 100 klock\u00f3w, skutecznie chroni\u0105c je przed kurzem i pomagaj\u0105c utrzyma\u0107 porz\u0105dek oraz szybki dost\u0119p. Intuicyjna forma pozwala dzieciom samodzielnie pakowa\u0107 i wyjmowa\u0107 klocki, wspieraj\u0105c ich niezale\u017cno\u015b\u0107 i porz\u0105dkowanie przestrzeni.  <\/p>\n\n<p>Pokrowiec posiada solidny zamek umieszczony w g\u00f3rnej cz\u0119\u015bci, dzi\u0119ki czemu pomie\u015bci do 100 klock\u00f3w, skutecznie chroni\u0105c je przed kurzem i pomagaj\u0105c utrzyma\u0107 porz\u0105dek oraz szybki dost\u0119p. Intuicyjna forma pozwala dzieciom samodzielnie pakowa\u0107 i wyjmowa\u0107 klocki, wspieraj\u0105c ich niezale\u017cno\u015b\u0107 i porz\u0105dkowanie przestrzeni. <\/p>\n\n<div class=\"wp-block-columns is-layout-flex wp-container-core-columns-is-layout-28f84493 wp-block-columns-is-layout-flex\">\n<div class=\"wp-block-column is-layout-flow wp-block-column-is-layout-flow\">\n<figure class=\"wp-block-image size-medium has-custom-border\"><img loading=\"lazy\" decoding=\"async\" width=\"300\" height=\"300\" src=\"https:\/\/shop.jollyheap.com\/wp-content\/uploads\/2025\/12\/packnplay_zip_1500-300x300.jpg\" alt=\"\" class=\"wp-image-5719\" style=\"border-top-left-radius:15px;border-top-right-radius:15px;border-bottom-left-radius:15px;border-bottom-right-radius:15px\" srcset=\"https:\/\/shop.jollyheap.com\/wp-content\/uploads\/2025\/12\/packnplay_zip_1500-300x300.jpg 300w, https:\/\/shop.jollyheap.com\/wp-content\/uploads\/2025\/12\/packnplay_zip_1500-1024x1024.jpg 1024w, https:\/\/shop.jollyheap.com\/wp-content\/uploads\/2025\/12\/packnplay_zip_1500-150x150.jpg 150w, https:\/\/shop.jollyheap.com\/wp-content\/uploads\/2025\/12\/packnplay_zip_1500-768x767.jpg 768w, https:\/\/shop.jollyheap.com\/wp-content\/uploads\/2025\/12\/packnplay_zip_1500-990x989.jpg 990w, https:\/\/shop.jollyheap.com\/wp-content\/uploads\/2025\/12\/packnplay_zip_1500-441x441.jpg 441w, https:\/\/shop.jollyheap.com\/wp-content\/uploads\/2025\/12\/packnplay_zip_1500-100x100.jpg 100w, https:\/\/shop.jollyheap.com\/wp-content\/uploads\/2025\/12\/packnplay_zip_1500-500x500.jpg 500w, https:\/\/shop.jollyheap.com\/wp-content\/uploads\/2025\/12\/packnplay_zip_1500-1000x999.jpg 1000w, https:\/\/shop.jollyheap.com\/wp-content\/uploads\/2025\/12\/packnplay_zip_1500.jpg 1500w\" sizes=\"auto, (max-width: 300px) 100vw, 300px\" \/><\/figure>\n<\/div>\n\n\n\n<div class=\"wp-block-column is-layout-flow wp-block-column-is-layout-flow\">\n<figure class=\"wp-block-image size-medium has-custom-border\"><img loading=\"lazy\" decoding=\"async\" width=\"300\" height=\"300\" src=\"https:\/\/shop.jollyheap.com\/wp-content\/uploads\/2025\/12\/packnplay_handle_1500-1-300x300.jpg\" alt=\"\" class=\"wp-image-5723\" style=\"border-top-left-radius:15px;border-top-right-radius:15px;border-bottom-left-radius:15px;border-bottom-right-radius:15px\" srcset=\"https:\/\/shop.jollyheap.com\/wp-content\/uploads\/2025\/12\/packnplay_handle_1500-1-300x300.jpg 300w, https:\/\/shop.jollyheap.com\/wp-content\/uploads\/2025\/12\/packnplay_handle_1500-1-1024x1024.jpg 1024w, https:\/\/shop.jollyheap.com\/wp-content\/uploads\/2025\/12\/packnplay_handle_1500-1-150x150.jpg 150w, https:\/\/shop.jollyheap.com\/wp-content\/uploads\/2025\/12\/packnplay_handle_1500-1-768x769.jpg 768w, https:\/\/shop.jollyheap.com\/wp-content\/uploads\/2025\/12\/packnplay_handle_1500-1-990x991.jpg 990w, https:\/\/shop.jollyheap.com\/wp-content\/uploads\/2025\/12\/packnplay_handle_1500-1-441x441.jpg 441w, https:\/\/shop.jollyheap.com\/wp-content\/uploads\/2025\/12\/packnplay_handle_1500-1-100x100.jpg 100w, https:\/\/shop.jollyheap.com\/wp-content\/uploads\/2025\/12\/packnplay_handle_1500-1-500x500.jpg 500w, https:\/\/shop.jollyheap.com\/wp-content\/uploads\/2025\/12\/packnplay_handle_1500-1-1000x1001.jpg 1000w, https:\/\/shop.jollyheap.com\/wp-content\/uploads\/2025\/12\/packnplay_handle_1500-1.jpg 1500w\" sizes=\"auto, (max-width: 300px) 100vw, 300px\" \/><\/figure>\n<\/div>\n\n\n\n<div class=\"wp-block-column is-layout-flow wp-block-column-is-layout-flow\">\n<figure class=\"wp-block-image size-medium has-custom-border\"><img loading=\"lazy\" decoding=\"async\" width=\"300\" height=\"300\" src=\"https:\/\/shop.jollyheap.com\/wp-content\/uploads\/2025\/12\/packnplay_pads_1500-300x300.jpg\" alt=\"\" class=\"wp-image-5715\" style=\"border-top-left-radius:15px;border-top-right-radius:15px;border-bottom-left-radius:15px;border-bottom-right-radius:15px\" srcset=\"https:\/\/shop.jollyheap.com\/wp-content\/uploads\/2025\/12\/packnplay_pads_1500-300x300.jpg 300w, https:\/\/shop.jollyheap.com\/wp-content\/uploads\/2025\/12\/packnplay_pads_1500-1024x1024.jpg 1024w, https:\/\/shop.jollyheap.com\/wp-content\/uploads\/2025\/12\/packnplay_pads_1500-150x150.jpg 150w, https:\/\/shop.jollyheap.com\/wp-content\/uploads\/2025\/12\/packnplay_pads_1500-768x768.jpg 768w, https:\/\/shop.jollyheap.com\/wp-content\/uploads\/2025\/12\/packnplay_pads_1500-990x990.jpg 990w, https:\/\/shop.jollyheap.com\/wp-content\/uploads\/2025\/12\/packnplay_pads_1500-441x441.jpg 441w, https:\/\/shop.jollyheap.com\/wp-content\/uploads\/2025\/12\/packnplay_pads_1500-100x100.jpg 100w, https:\/\/shop.jollyheap.com\/wp-content\/uploads\/2025\/12\/packnplay_pads_1500-500x500.jpg 500w, https:\/\/shop.jollyheap.com\/wp-content\/uploads\/2025\/12\/packnplay_pads_1500-1000x1000.jpg 1000w, https:\/\/shop.jollyheap.com\/wp-content\/uploads\/2025\/12\/packnplay_pads_1500.jpg 1500w\" sizes=\"auto, (max-width: 300px) 100vw, 300px\" \/><\/figure>\n<\/div>\n<\/div>\n\n<p>Play&amp;Pack Cover wyposa\u017cony jest w dwa typy uchwyt\u00f3w:<\/p>\n\n<ul class=\"wp-block-list\">\n<li>\u2022 uchwyty umo\u017cliwiaj\u0105ce wygodne przenoszenie przez jedn\u0105 osob\u0119,<\/li>\n\n\n\n<li>\u2022 ergonomiczne uchwyty boczne, u\u0142atwiaj\u0105ce transport we dwie osoby.<\/li>\n<\/ul>\n\n<p>Stonowana szaro-czarna kolorystyka doskonale pasuje do ka\u017cdego wn\u0119trza i d\u0142ugo zachowuje estetyczny wygl\u0105d.<\/p>\n\n<p>Pokrowiec mo\u017ce by\u0107 tak\u017ce elementem zabawy \u2014 jako cel do gier zr\u0119czno\u015bciowych, a po wype\u0142nieniu klockami sprawdzi si\u0119 jako niewielki stolik lub siedzisko.<\/p>\n\n<p>Pokrowiec mo\u017ce by\u0107 tak\u017ce elementem zabawy \u2014 jako cel do gier zr\u0119czno\u015bciowych, a po wype\u0142nieniu klockami sprawdzi si\u0119 jako niewielki stolik lub siedzisko.<\/p>\n\n<p><\/p>\n","protected":false},"excerpt":{"rendered":"<p class=\"p1\"><i>Uszyty z wytrzyma\u0142ej tkaniny<\/i><\/p>\n<p class=\"p1\"><i>\u2022 Gruby, solidny zamek zapewniaj\u0105cy wygodne otwieranie <\/i><\/p>\n<p class=\"p1\"><i>\u2022 mieszcz\u0105cy do 100 klock\u00f3w JollyHeap<\/i><\/p>\n<p class=\"p1\"><i>\u2022 Ochrona przed kurzem <\/i><\/p>\n<p class=\"p1\"><i>\u2022 Szyty w Polsce<\/i><\/p>\n","protected":false},"featured_media":5710,"comment_status":"open","ping_status":"closed","template":"","meta":{"_eb_attr":""},"product_brand":[],"product_cat":[15],"product_tag":[],"class_list":{"0":"post-5728","1":"product","2":"type-product","3":"status-publish","4":"has-post-thumbnail","6":"product_cat-jolly-heap","8":"first","9":"instock","10":"taxable","11":"shipping-taxable","12":"purchasable","13":"product-type-simple"},"_links":{"self":[{"href":"https:\/\/shop.jollyheap.com\/pl\/wp-json\/wp\/v2\/product\/5728","targetHints":{"allow":["GET"]}}],"collection":[{"href":"https:\/\/shop.jollyheap.com\/pl\/wp-json\/wp\/v2\/product"}],"about":[{"href":"https:\/\/shop.jollyheap.com\/pl\/wp-json\/wp\/v2\/types\/product"}],"replies":[{"embeddable":true,"href":"https:\/\/shop.jollyheap.com\/pl\/wp-json\/wp\/v2\/comments?post=5728"}],"wp:featuredmedia":[{"embeddable":true,"href":"https:\/\/shop.jollyheap.com\/pl\/wp-json\/wp\/v2\/media\/5710"}],"wp:attachment":[{"href":"https:\/\/shop.jollyheap.com\/pl\/wp-json\/wp\/v2\/media?parent=5728"}],"wp:term":[{"taxonomy":"product_brand","embeddable":true,"href":"https:\/\/shop.jollyheap.com\/pl\/wp-json\/wp\/v2\/product_brand?post=5728"},{"taxonomy":"product_cat","embeddable":true,"href":"https:\/\/shop.jollyheap.com\/pl\/wp-json\/wp\/v2\/product_cat?post=5728"},{"taxonomy":"product_tag","embeddable":true,"href":"https:\/\/shop.jollyheap.com\/pl\/wp-json\/wp\/v2\/product_tag?post=5728"}],"curies":[{"name":"wp","href":"https:\/\/api.w.org\/{rel}","templated":true}]}}